{"id":20192,"date":"2022-03-10T18:29:15","date_gmt":"2022-03-10T17:29:15","guid":{"rendered":"https:\/\/staging.parkingrome.it\/kontakt\/"},"modified":"2026-04-12T00:15:13","modified_gmt":"2026-04-11T22:15:13","slug":"kontakt","status":"publish","type":"page","link":"https:\/\/parkingrome.it\/de\/kontakt\/","title":{"rendered":"Kontakt"},"content":{"rendered":"<p><div class=\"fusion-fullwidth fullwidth-box fusion-builder-row-1 fusion-flex-container has-pattern-background has-mask-background fusion-parallax-none nonhundred-percent-fullwidth non-hundred-percent-height-scrolling lazyload\" style=\"--awb-border-radius-top-left:0px;--awb-border-radius-top-right:0px;--awb-border-radius-bottom-right:0px;--awb-border-radius-bottom-left:0px;--awb-background-size:cover;--awb-flex-wrap:wrap;\" data-bg=\"https:\/\/parkingrome.itt\/wp-content\/uploads\/2022\/02\/carrental3-section-bg3.svg\" ><div class=\"fusion-builder-row fusion-row fusion-flex-align-items-flex-start fusion-flex-content-wrap\" style=\"max-width:1456px;margin-left: calc(-4% \/ 2 );margin-right: calc(-4% \/ 2 );\"><div class=\"fusion-layout-column fusion_builder_column fusion-builder-column-0 fusion_builder_column_1_3 1_3 fusion-flex-column fusion-animated\" style=\"--awb-bg-blend:overlay;--awb-bg-size:cover;--awb-width-large:33.333333333333%;--awb-margin-top-large:20px;--awb-spacing-right-large:5.76%;--awb-margin-bottom-large:40px;--awb-spacing-left-large:5.76%;--awb-width-medium:33.333333333333%;--awb-spacing-right-medium:5.76%;--awb-spacing-left-medium:5.76%;--awb-width-small:100%;--awb-spacing-right-small:1.92%;--awb-spacing-left-small:1.92%;\" data-animationType=\"slideInLeft\" data-animationDuration=\"0.6\" data-animationOffset=\"top-into-view\"><div class=\"fusion-column-wrapper fusion-flex-justify-content-flex-start fusion-content-layout-column\"><div class=\"fusion-title title fusion-title-1 fusion-sep-none fusion-title-text fusion-title-size-two\" style=\"--awb-margin-top-small:10px;--awb-margin-right-small:0px;--awb-margin-bottom-small:10px;--awb-margin-left-small:0px;\"><h2 class=\"fusion-title-heading title-heading-left\" style=\"margin:0;\">Kontaktieren Sie uns<\/h2><\/div><div class=\"fusion-text fusion-text-1\"><div class=\"fusion-text\">\n<p>ParkenRom.IT<\/p>\n<\/div>\n<div class=\"fusion-separator fusion-full-width-sep sep-none\"><\/div>\n<div class=\"fusion-text\">\n<p>Email:<a href=\"mailto:booking@parkingrome.it\">booking@parkingrome.it<\/a><\/p>\n<p>Web:<a href=\"https:\/\/parkingrome.it\/\"> https:\/\/parkingrome.it\/<\/a><\/p>\n<\/div>\n<\/div><div class=\"fusion-separator fusion-full-width-sep\" style=\"align-self: center;margin-left: auto;margin-right: auto;margin-top:10px;width:100%;\"><\/div><div class=\"fusion-image-element \" style=\"text-align:left;--awb-max-width:185px;--awb-caption-title-font-family:var(--h2_typography-font-family);--awb-caption-title-font-weight:var(--h2_typography-font-weight);--awb-caption-title-font-style:var(--h2_typography-font-style);--awb-caption-title-size:var(--h2_typography-font-size);--awb-caption-title-transform:var(--h2_typography-text-transform);--awb-caption-title-line-height:var(--h2_typography-line-height);--awb-caption-title-letter-spacing:var(--h2_typography-letter-spacing);\"><span class=\" fusion-imageframe imageframe-none imageframe-1 hover-type-none\"><img decoding=\"async\" width=\"94\" height=\"27\" title=\"Parking-Rome-logo-94&#215;40-new\" src=\"data:image\/svg+xml,%3Csvg%20xmlns%3D%27http%3A%2F%2Fwww.w3.org%2F2000%2Fsvg%27%20width%3D%2794%27%20height%3D%2727%27%20viewBox%3D%270%200%2094%2027%27%3E%3Crect%20width%3D%2794%27%20height%3D%2727%27%20fill-opacity%3D%220%22%2F%3E%3C%2Fsvg%3E\" data-orig-src=\"https:\/\/parkingrome.it\/wp-content\/uploads\/2020\/05\/Parking-Rome-logo-94x40-new.webp\" alt class=\"lazyload img-responsive wp-image-25797\"\/><\/span><\/div><\/div><\/div><div class=\"fusion-layout-column fusion_builder_column fusion-builder-column-1 fusion_builder_column_2_3 2_3 fusion-flex-column fusion-animated\" style=\"--awb-bg-blend:overlay;--awb-bg-size:cover;--awb-width-large:66.666666666667%;--awb-margin-top-large:20px;--awb-spacing-right-large:2.88%;--awb-margin-bottom-large:40px;--awb-spacing-left-large:2.88%;--awb-width-medium:66.666666666667%;--awb-spacing-right-medium:2.88%;--awb-spacing-left-medium:2.88%;--awb-width-small:100%;--awb-spacing-right-small:1.92%;--awb-spacing-left-small:1.92%;\" data-animationType=\"slideInRight\" data-animationDuration=\"0.6\" data-animationOffset=\"top-into-view\"><div class=\"fusion-column-wrapper fusion-flex-justify-content-flex-start fusion-content-layout-column\"><div class=\"fusion-title title fusion-title-2 fusion-sep-none fusion-title-text fusion-title-size-two\" style=\"--awb-margin-top-small:10px;--awb-margin-right-small:0px;--awb-margin-bottom-small:10px;--awb-margin-left-small:0px;\"><h2 class=\"fusion-title-heading title-heading-left\" style=\"margin:0;\">Senden Sie uns eine kurze E-Mail<\/h2><\/div><div class=\"fusion-text fusion-text-2\"><p>Parkinformationen f\u00fcr Ihr Fahrzeug<\/p>\n<\/div><div class=\"fusion-separator fusion-full-width-sep\" style=\"align-self: center;margin-left: auto;margin-right: auto;margin-top:20px;margin-bottom:20px;width:100%;\"><\/div><div class=\"fusion-form fusion-form-builder fusion-form-form-wrapper fusion-form-42583\" style=\"--awb-tooltip-text-color:#ffffff;--awb-tooltip-background-color:#333333;\" data-form-id=\"42583\" data-config=\"{&quot;form_id&quot;:42583,&quot;form_post_id&quot;:42583,&quot;post_id&quot;:20192,&quot;form_type&quot;:&quot;ajax&quot;,&quot;confirmation_type&quot;:&quot;message&quot;,&quot;redirect_url&quot;:&quot;&quot;,&quot;redirect_timeout&quot;:&quot;0&quot;,&quot;field_labels&quot;:{&quot;first_name&quot;:&quot;Ihr Name&quot;,&quot;email_address&quot;:&quot;Ihre E-Mail&quot;,&quot;subject&quot;:&quot;Objekt&quot;,&quot;message&quot;:&quot;IHRE NACHRICHT&quot;},&quot;field_logics&quot;:{&quot;first_name&quot;:&quot;&quot;,&quot;email_address&quot;:&quot;&quot;,&quot;subject&quot;:&quot;&quot;,&quot;message&quot;:&quot;&quot;,&quot;notice_1&quot;:&quot;&quot;,&quot;submit_1&quot;:&quot;&quot;},&quot;field_types&quot;:{&quot;first_name&quot;:&quot;text&quot;,&quot;email_address&quot;:&quot;email&quot;,&quot;subject&quot;:&quot;text&quot;,&quot;message&quot;:&quot;textarea&quot;,&quot;notice_1&quot;:&quot;notice&quot;,&quot;submit_1&quot;:&quot;submit&quot;},&quot;nonce_method&quot;:&quot;ajax&quot;,&quot;form_views&quot;:&quot;&quot;,&quot;form_views_counting&quot;:&quot;&quot;}\"><form action=\"https:\/\/parkingrome.it\/de\/kontakt\/\" method=\"post\" class=\"fusion-form fusion-form-42583\"><div class=\"fusion-fullwidth fullwidth-box fusion-builder-row-1-1 fusion-flex-container nonhundred-percent-fullwidth non-hundred-percent-height-scrolling\" style=\"--awb-border-radius-top-left:0px;--awb-border-radius-top-right:0px;--awb-border-radius-bottom-right:0px;--awb-border-radius-bottom-left:0px;--awb-padding-top:0px;--awb-padding-right:0px;--awb-padding-bottom:0px;--awb-padding-left:0px;--awb-margin-top:0px;--awb-margin-bottom:0px;--awb-flex-wrap:wrap;\" ><div class=\"fusion-builder-row fusion-row fusion-flex-align-items-flex-start fusion-flex-content-wrap\" style=\"width:103% !important;max-width:103% !important;margin-left: calc(-3% \/ 2 );margin-right: calc(-3% \/ 2 );\"><div class=\"fusion-layout-column fusion_builder_column fusion-builder-column-2 fusion_builder_column_1_1 1_1 fusion-flex-column\" style=\"--awb-bg-size:cover;--awb-width-large:100%;--awb-flex-grow:0;--awb-flex-shrink:0;--awb-margin-top-large:0px;--awb-spacing-right-large:1.455%;--awb-margin-bottom-large:0px;--awb-spacing-left-large:1.455%;--awb-width-medium:100%;--awb-order-medium:0;--awb-flex-grow-medium:0;--awb-flex-shrink-medium:0;--awb-spacing-right-medium:1.455%;--awb-spacing-left-medium:1.455%;--awb-width-small:100%;--awb-order-small:0;--awb-flex-grow-small:0;--awb-flex-shrink-small:0;--awb-spacing-right-small:1.455%;--awb-spacing-left-small:1.455%;\"><div class=\"fusion-column-wrapper fusion-column-has-shadow fusion-flex-justify-content-flex-start fusion-content-layout-column\"><div class=\"fusion-form-field fusion-form-text-field fusion-form-label-above\" style=\"\" data-form-id=\"42583\"><div class=\"fusion-form-label-wrapper\"><label for=\"first_name\">Ihr Name <abbr class=\"fusion-form-element-required\" title=\"required\">*<\/abbr><\/label><\/div><input type=\"text\" autocomplete=\"off\" name=\"first_name\" id=\"first_name\" value=\"\"  class=\"fusion-form-input\" required=\"true\" aria-required=\"true\" data-holds-private-data=\"false\" minlength=\"0\"\/><\/div><div class=\"fusion-form-field fusion-form-email-field fusion-form-label-above\" style=\"\" data-form-id=\"42583\"><div class=\"fusion-form-label-wrapper\"><label for=\"email_address\">Ihre E-Mail <abbr class=\"fusion-form-element-required\" title=\"required\">*<\/abbr><\/label><\/div><input type=\"email\" autocomplete=\"off\" name=\"email_address\" id=\"email_address\" value=\"\"  class=\"fusion-form-input\" required=\"true\" aria-required=\"true\" data-holds-private-data=\"false\"\/><\/div><div class=\"fusion-form-field fusion-form-text-field fusion-form-label-above\" style=\"\" data-form-id=\"42583\"><div class=\"fusion-form-label-wrapper\"><label for=\"subject\">Objekt<\/label><\/div><input type=\"text\" autocomplete=\"off\" name=\"subject\" id=\"subject\" value=\"\"  class=\"fusion-form-input\" data-holds-private-data=\"false\" minlength=\"0\"\/><\/div><div class=\"fusion-form-field fusion-form-textarea-field fusion-form-label-above\" style=\"\" data-form-id=\"42583\"><label for=\"message\">IHRE NACHRICHT <abbr class=\"fusion-form-element-required\" title=\"required\">*<\/abbr><\/label><textarea cols=\"40\" autocomplete=\"off\"  minlength=\"0\"  rows=\"4\" tabindex=\"\" id=\"message\" name=\"message\" class=\"fusion-form-input\" required=\"true\" aria-required=\"true\" data-holds-private-data=\"false\"><\/textarea><\/div><div class=\"form-submission-notices data-notice_1\" id=\"fusion-notices-1\" data-instance=\"1\"><div class=\"fusion-alert alert success alert-success fusion-alert-center fusion-form-response fusion-form-response-success awb-alert-native-link-color alert-dismissable awb-alert-close-boxed\" role=\"alert\"><div class=\"fusion-alert-content-wrapper\"><span class=\"alert-icon\"><i class=\"awb-icon-check-circle\" aria-hidden=\"true\"><\/i><\/span><span class=\"fusion-alert-content\">Nachricht gesendet, vielen Dank!<\/span><\/div><button type=\"button\" class=\"close toggle-alert\" data-dismiss=\"alert\" aria-label=\"Close\">&times;<\/button><\/div><div class=\"fusion-alert alert error alert-danger fusion-alert-center fusion-form-response fusion-form-response-error awb-alert-native-link-color alert-dismissable awb-alert-close-boxed\" role=\"alert\"><div class=\"fusion-alert-content-wrapper\"><span class=\"alert-icon\"><i class=\"awb-icon-exclamation-triangle\" aria-hidden=\"true\"><\/i><\/span><span class=\"fusion-alert-content\">Beim Senden der Nachricht ist ein Fehler aufgetreten. Bitte versuchen Sie es sp\u00e4ter noch einmal.<\/span><\/div><button type=\"button\" class=\"close toggle-alert\" data-dismiss=\"alert\" aria-label=\"Close\">&times;<\/button><\/div><\/div><div class=\"fusion-form-field fusion-form-submit-field fusion-form-label-above\" style=\"\" data-form-id=\"42583\"><div ><button type=\"submit\" class=\"fusion-button button-flat fusion-button-default-size button-default fusion-button-default button-1 fusion-button-default-span  button-default form-form-submit\" data-form-number=\"42583\" tabindex=\"\"><span class=\"fusion-button-text awb-button__text awb-button__text--default\">Senden Sie<\/span><\/button><\/div><\/div><\/div><\/div><\/div><\/div><input type=\"hidden\" name=\"fusion_privacy_expiration_interval\" value=\"48\"><input type=\"hidden\" name=\"privacy_expiration_action\" value=\"anonymize\"><\/form><\/div><\/div><\/div><\/div><\/div><div class=\"fusion-fullwidth fullwidth-box fusion-builder-row-2 fusion-flex-container has-pattern-background has-mask-background fusion-parallax-none nonhundred-percent-fullwidth non-hundred-percent-height-scrolling lazyload\" style=\"--awb-background-position:center top;--awb-border-radius-top-left:0px;--awb-border-radius-top-right:0px;--awb-border-radius-bottom-right:0px;--awb-border-radius-bottom-left:0px;--awb-background-size:cover;--awb-flex-wrap:wrap;\" data-bg=\"https:\/\/parkingrome.itt\/wp-content\/uploads\/2022\/02\/carrental3-section-bg10.svg\" ><div class=\"fusion-builder-row fusion-row fusion-flex-align-items-flex-start fusion-flex-content-wrap\" style=\"max-width:1456px;margin-left: calc(-4% \/ 2 );margin-right: calc(-4% \/ 2 );\"><div class=\"fusion-layout-column fusion_builder_column fusion-builder-column-3 fusion_builder_column_1_5 1_5 fusion-flex-column\" style=\"--awb-bg-blend:overlay;--awb-bg-size:cover;--awb-width-large:20%;--awb-flex-grow:0;--awb-flex-shrink:0;--awb-margin-top-large:0px;--awb-spacing-right-large:9.6%;--awb-margin-bottom-large:20px;--awb-spacing-left-large:9.6%;--awb-width-medium:20%;--awb-flex-grow-medium:0;--awb-flex-shrink-medium:0;--awb-spacing-right-medium:9.6%;--awb-spacing-left-medium:9.6%;--awb-width-small:100%;--awb-flex-grow-small:0;--awb-flex-shrink-small:0;--awb-spacing-right-small:1.92%;--awb-spacing-left-small:1.92%;\"><div class=\"fusion-column-wrapper fusion-flex-justify-content-flex-start fusion-content-layout-column\"><\/div><\/div><div class=\"fusion-layout-column fusion_builder_column fusion-builder-column-4 fusion_builder_column_3_5 3_5 fusion-flex-column\" style=\"--awb-bg-blend:overlay;--awb-bg-size:cover;--awb-width-large:60%;--awb-flex-grow:0;--awb-flex-shrink:0;--awb-margin-top-large:20px;--awb-spacing-right-large:3.2%;--awb-margin-bottom-large:20px;--awb-spacing-left-large:3.2%;--awb-width-medium:60%;--awb-flex-grow-medium:0;--awb-flex-shrink-medium:0;--awb-spacing-right-medium:3.2%;--awb-spacing-left-medium:3.2%;--awb-width-small:100%;--awb-flex-grow-small:0;--awb-flex-shrink-small:0;--awb-spacing-right-small:1.92%;--awb-spacing-left-small:1.92%;\"><div class=\"fusion-column-wrapper fusion-flex-justify-content-flex-start fusion-content-layout-column\"><div class=\"fusion-image-element \" style=\"--awb-caption-title-font-family:var(--h2_typography-font-family);--awb-caption-title-font-weight:var(--h2_typography-font-weight);--awb-caption-title-font-style:var(--h2_typography-font-style);--awb-caption-title-size:var(--h2_typography-font-size);--awb-caption-title-transform:var(--h2_typography-text-transform);--awb-caption-title-line-height:var(--h2_typography-line-height);--awb-caption-title-letter-spacing:var(--h2_typography-letter-spacing);\"><span class=\" fusion-imageframe imageframe-none imageframe-2 hover-type-none\"><img decoding=\"async\" width=\"1240\" height=\"120\" title=\"Parking-Rome-logo-1240&#215;120-1\" src=\"data:image\/svg+xml,%3Csvg%20xmlns%3D%27http%3A%2F%2Fwww.w3.org%2F2000%2Fsvg%27%20width%3D%271240%27%20height%3D%27120%27%20viewBox%3D%270%200%201240%20120%27%3E%3Crect%20width%3D%271240%27%20height%3D%27120%27%20fill-opacity%3D%220%22%2F%3E%3C%2Fsvg%3E\" data-orig-src=\"https:\/\/parkingrome.it\/wp-content\/uploads\/2022\/03\/Parking-Rome-logo-1240x120-1.webp\" alt class=\"lazyload img-responsive wp-image-26000\"\/><\/span><\/div><div class=\"fusion-title title fusion-title-3 fusion-sep-none fusion-title-center fusion-title-text fusion-title-size-two\" style=\"--awb-text-color:var(--awb-color4);--awb-margin-bottom:20px;--awb-margin-top-small:10px;--awb-margin-right-small:0px;--awb-margin-bottom-small:10px;--awb-margin-left-small:0px;\"><h2 class=\"fusion-title-heading title-heading-center\" style=\"margin:0;\"><h3 class=\"content-box-heading fusion-responsive-typography-calculated\" style=\"text-align: center;\" data-fontsize=\"24\" data-lineheight=\"29.04px\">KOSTENLOSE Reservierung<\/h3><\/h2><\/div><div class=\"fusion-text fusion-text-3\" style=\"--awb-text-color:var(--awb-color5);\"><h5 style=\"text-align: center;\"><strong>Online buchen und im Parkhaus bezahlen!<\/strong><\/h5>\n<p style=\"text-align: center;\"><strong>\u00dcberdachte und rund um die Uhr bewachte Parkpl\u00e4tze f\u00fcr Motorr\u00e4der, Autos und Lieferwagen.<\/strong><\/p>\n<\/div><div style=\"text-align:center;\"><a class=\"fusion-button button-flat fusion-button-default-size button-default fusion-button-default button-2 fusion-button-default-span fusion-button-default-type\" style=\"--button_text_transform:uppercase;\" target=\"_self\" href=\"https:\/\/parkingrome.it\/de\/parken-in-rom-buchen\/\"><span class=\"fusion-button-text awb-button__text awb-button__text--default\">Buchen Sie<\/span><\/a><\/div><div class=\"fusion-separator fusion-full-width-sep\" style=\"align-self: center;margin-left: auto;margin-right: auto;margin-top:15px;width:100%;\"><\/div><\/div><\/div><div class=\"fusion-layout-column fusion_builder_column fusion-builder-column-5 fusion_builder_column_1_5 1_5 fusion-flex-column\" style=\"--awb-bg-blend:overlay;--awb-bg-size:cover;--awb-width-large:20%;--awb-flex-grow:0;--awb-flex-shrink:0;--awb-margin-top-large:0px;--awb-spacing-right-large:9.6%;--awb-margin-bottom-large:20px;--awb-spacing-left-large:9.6%;--awb-width-medium:20%;--awb-flex-grow-medium:0;--awb-flex-shrink-medium:0;--awb-spacing-right-medium:9.6%;--awb-spacing-left-medium:9.6%;--awb-width-small:100%;--awb-flex-grow-small:0;--awb-flex-shrink-small:0;--awb-spacing-right-small:1.92%;--awb-spacing-left-small:1.92%;\"><div class=\"fusion-column-wrapper fusion-flex-justify-content-flex-start fusion-content-layout-column\"><\/div><\/div><\/div><\/div><\/p>\n","protected":false},"excerpt":{"rendered":"","protected":false},"author":1,"featured_media":0,"parent":0,"menu_order":70,"comment_status":"closed","ping_status":"closed","template":"","meta":{"footnotes":""},"class_list":["post-20192","page","type-page","status-publish","hentry"],"yoast_head":"<!-- This site is optimized with the Yoast SEO plugin v27.4 - https:\/\/yoast.com\/product\/yoast-seo-wordpress\/ -->\n<title>Kontakt - Parken im Stadtzentrum von Rom | U-Bahn | Stadtzentrum - ParkingRome.IT<\/title>\n<meta name=\"description\" content=\"Ben\u00f6tigen Sie weitere Informationen? Senden Sie uns Ihre Anfrage und wir werden uns so schnell wie m\u00f6glich bei Ihnen melden.\" \/>\n<meta name=\"robots\" content=\"index, follow, max-snippet:-1, max-image-preview:large, max-video-preview:-1\" \/>\n<link rel=\"canonical\" href=\"https:\/\/parkingrome.it\/de\/kontakt\/\" \/>\n<meta property=\"og:locale\" content=\"de_DE\" \/>\n<meta property=\"og:type\" content=\"article\" \/>\n<meta property=\"og:title\" content=\"Kontakt - Parken im Stadtzentrum von Rom | U-Bahn | Stadtzentrum - ParkingRome.IT\" \/>\n<meta property=\"og:description\" content=\"Ben\u00f6tigen Sie weitere Informationen? Senden Sie uns Ihre Anfrage und wir werden uns so schnell wie m\u00f6glich bei Ihnen melden.\" \/>\n<meta property=\"og:url\" content=\"https:\/\/parkingrome.it\/de\/kontakt\/\" \/>\n<meta property=\"og:site_name\" content=\"Parken im Stadtzentrum von Rom | U-Bahn | Stadtzentrum - ParkingRome.IT\" \/>\n<meta property=\"article:publisher\" content=\"https:\/\/www.facebook.com\/pages\/Parcheggi-Roma-Centro\/367506520088613\" \/>\n<meta property=\"article:modified_time\" content=\"2026-04-11T22:15:13+00:00\" \/>\n<meta property=\"og:image\" content=\"https:\/\/parkingrome.it\/wp-content\/uploads\/2019\/12\/Parking-Rome.jpg\" \/>\n\t<meta property=\"og:image:width\" content=\"200\" \/>\n\t<meta property=\"og:image:height\" content=\"200\" \/>\n\t<meta property=\"og:image:type\" content=\"image\/jpeg\" \/>\n<meta name=\"twitter:card\" content=\"summary_large_image\" \/>\n<meta name=\"twitter:site\" content=\"@PaekingR\" \/>\n<meta name=\"twitter:label1\" content=\"Gesch\u00e4tzte Lesezeit\" \/>\n\t<meta name=\"twitter:data1\" content=\"18\u00a0Minute\" \/>\n<script type=\"application\/ld+json\" class=\"yoast-schema-graph\">{\"@context\":\"https:\\\/\\\/schema.org\",\"@graph\":[{\"@type\":\"WebPage\",\"@id\":\"https:\\\/\\\/parkingrome.it\\\/de\\\/kontakt\\\/\",\"url\":\"https:\\\/\\\/parkingrome.it\\\/de\\\/kontakt\\\/\",\"name\":\"Kontakt - Parken im Stadtzentrum von Rom | U-Bahn | Stadtzentrum - ParkingRome.IT\",\"isPartOf\":{\"@id\":\"https:\\\/\\\/parkingrome.it\\\/de\\\/#website\"},\"datePublished\":\"2022-03-10T17:29:15+00:00\",\"dateModified\":\"2026-04-11T22:15:13+00:00\",\"description\":\"Ben\u00f6tigen Sie weitere Informationen? Senden Sie uns Ihre Anfrage und wir werden uns so schnell wie m\u00f6glich bei Ihnen melden.\",\"breadcrumb\":{\"@id\":\"https:\\\/\\\/parkingrome.it\\\/de\\\/kontakt\\\/#breadcrumb\"},\"inLanguage\":\"de\",\"potentialAction\":[{\"@type\":\"ReadAction\",\"target\":[\"https:\\\/\\\/parkingrome.it\\\/de\\\/kontakt\\\/\"]}]},{\"@type\":\"BreadcrumbList\",\"@id\":\"https:\\\/\\\/parkingrome.it\\\/de\\\/kontakt\\\/#breadcrumb\",\"itemListElement\":[{\"@type\":\"ListItem\",\"position\":1,\"name\":\"Home\",\"item\":\"https:\\\/\\\/parkingrome.it\\\/de\\\/\"},{\"@type\":\"ListItem\",\"position\":2,\"name\":\"Kontakt\"}]},{\"@type\":\"WebSite\",\"@id\":\"https:\\\/\\\/parkingrome.it\\\/de\\\/#website\",\"url\":\"https:\\\/\\\/parkingrome.it\\\/de\\\/\",\"name\":\"Parcheggio Roma Centro | Metro | Centro citt\u00e0 - ParkingRome.IT\",\"description\":\"Sicherer, \u00fcberdachter und bewachter Parkplatz f\u00fcr Autos, Motorr\u00e4der und Lieferwagen in der N\u00e4he der U-Bahn in Rom.\",\"publisher\":{\"@id\":\"https:\\\/\\\/parkingrome.it\\\/de\\\/#organization\"},\"potentialAction\":[{\"@type\":\"SearchAction\",\"target\":{\"@type\":\"EntryPoint\",\"urlTemplate\":\"https:\\\/\\\/parkingrome.it\\\/de\\\/?s={search_term_string}\"},\"query-input\":{\"@type\":\"PropertyValueSpecification\",\"valueRequired\":true,\"valueName\":\"search_term_string\"}}],\"inLanguage\":\"de\"},{\"@type\":\"Organization\",\"@id\":\"https:\\\/\\\/parkingrome.it\\\/de\\\/#organization\",\"name\":\"Parking Rome\",\"url\":\"https:\\\/\\\/parkingrome.it\\\/de\\\/\",\"logo\":{\"@type\":\"ImageObject\",\"inLanguage\":\"de\",\"@id\":\"https:\\\/\\\/parkingrome.it\\\/de\\\/#\\\/schema\\\/logo\\\/image\\\/\",\"url\":\"https:\\\/\\\/parkingrome.it\\\/wp-content\\\/uploads\\\/2019\\\/12\\\/cropped-Parking-Rome-official-partner-min.png\",\"contentUrl\":\"https:\\\/\\\/parkingrome.it\\\/wp-content\\\/uploads\\\/2019\\\/12\\\/cropped-Parking-Rome-official-partner-min.png\",\"width\":512,\"height\":512,\"caption\":\"Parking Rome\"},\"image\":{\"@id\":\"https:\\\/\\\/parkingrome.it\\\/de\\\/#\\\/schema\\\/logo\\\/image\\\/\"},\"sameAs\":[\"https:\\\/\\\/www.facebook.com\\\/pages\\\/Parcheggi-Roma-Centro\\\/367506520088613\",\"https:\\\/\\\/x.com\\\/PaekingR\",\"https:\\\/\\\/www.youtube.com\\\/c\\\/ParkingromeIt01\"]}]}<\/script>\n<!-- \/ Yoast SEO plugin. -->","yoast_head_json":{"title":"Kontakt - Parken im Stadtzentrum von Rom | U-Bahn | Stadtzentrum - ParkingRome.IT","description":"Ben\u00f6tigen Sie weitere Informationen? Senden Sie uns Ihre Anfrage und wir werden uns so schnell wie m\u00f6glich bei Ihnen melden.","robots":{"index":"index","follow":"follow","max-snippet":"max-snippet:-1","max-image-preview":"max-image-preview:large","max-video-preview":"max-video-preview:-1"},"canonical":"https:\/\/parkingrome.it\/de\/kontakt\/","og_locale":"de_DE","og_type":"article","og_title":"Kontakt - Parken im Stadtzentrum von Rom | U-Bahn | Stadtzentrum - ParkingRome.IT","og_description":"Ben\u00f6tigen Sie weitere Informationen? Senden Sie uns Ihre Anfrage und wir werden uns so schnell wie m\u00f6glich bei Ihnen melden.","og_url":"https:\/\/parkingrome.it\/de\/kontakt\/","og_site_name":"Parken im Stadtzentrum von Rom | U-Bahn | Stadtzentrum - ParkingRome.IT","article_publisher":"https:\/\/www.facebook.com\/pages\/Parcheggi-Roma-Centro\/367506520088613","article_modified_time":"2026-04-11T22:15:13+00:00","og_image":[{"width":200,"height":200,"url":"https:\/\/parkingrome.it\/wp-content\/uploads\/2019\/12\/Parking-Rome.jpg","type":"image\/jpeg"}],"twitter_card":"summary_large_image","twitter_site":"@PaekingR","twitter_misc":{"Gesch\u00e4tzte Lesezeit":"18\u00a0Minute"},"schema":{"@context":"https:\/\/schema.org","@graph":[{"@type":"WebPage","@id":"https:\/\/parkingrome.it\/de\/kontakt\/","url":"https:\/\/parkingrome.it\/de\/kontakt\/","name":"Kontakt - Parken im Stadtzentrum von Rom | U-Bahn | Stadtzentrum - ParkingRome.IT","isPartOf":{"@id":"https:\/\/parkingrome.it\/de\/#website"},"datePublished":"2022-03-10T17:29:15+00:00","dateModified":"2026-04-11T22:15:13+00:00","description":"Ben\u00f6tigen Sie weitere Informationen? Senden Sie uns Ihre Anfrage und wir werden uns so schnell wie m\u00f6glich bei Ihnen melden.","breadcrumb":{"@id":"https:\/\/parkingrome.it\/de\/kontakt\/#breadcrumb"},"inLanguage":"de","potentialAction":[{"@type":"ReadAction","target":["https:\/\/parkingrome.it\/de\/kontakt\/"]}]},{"@type":"BreadcrumbList","@id":"https:\/\/parkingrome.it\/de\/kontakt\/#breadcrumb","itemListElement":[{"@type":"ListItem","position":1,"name":"Home","item":"https:\/\/parkingrome.it\/de\/"},{"@type":"ListItem","position":2,"name":"Kontakt"}]},{"@type":"WebSite","@id":"https:\/\/parkingrome.it\/de\/#website","url":"https:\/\/parkingrome.it\/de\/","name":"Parcheggio Roma Centro | Metro | Centro citt\u00e0 - ParkingRome.IT","description":"Sicherer, \u00fcberdachter und bewachter Parkplatz f\u00fcr Autos, Motorr\u00e4der und Lieferwagen in der N\u00e4he der U-Bahn in Rom.","publisher":{"@id":"https:\/\/parkingrome.it\/de\/#organization"},"potentialAction":[{"@type":"SearchAction","target":{"@type":"EntryPoint","urlTemplate":"https:\/\/parkingrome.it\/de\/?s={search_term_string}"},"query-input":{"@type":"PropertyValueSpecification","valueRequired":true,"valueName":"search_term_string"}}],"inLanguage":"de"},{"@type":"Organization","@id":"https:\/\/parkingrome.it\/de\/#organization","name":"Parking Rome","url":"https:\/\/parkingrome.it\/de\/","logo":{"@type":"ImageObject","inLanguage":"de","@id":"https:\/\/parkingrome.it\/de\/#\/schema\/logo\/image\/","url":"https:\/\/parkingrome.it\/wp-content\/uploads\/2019\/12\/cropped-Parking-Rome-official-partner-min.png","contentUrl":"https:\/\/parkingrome.it\/wp-content\/uploads\/2019\/12\/cropped-Parking-Rome-official-partner-min.png","width":512,"height":512,"caption":"Parking Rome"},"image":{"@id":"https:\/\/parkingrome.it\/de\/#\/schema\/logo\/image\/"},"sameAs":["https:\/\/www.facebook.com\/pages\/Parcheggi-Roma-Centro\/367506520088613","https:\/\/x.com\/PaekingR","https:\/\/www.youtube.com\/c\/ParkingromeIt01"]}]}},"_links":{"self":[{"href":"https:\/\/parkingrome.it\/de\/wp-json\/wp\/v2\/pages\/20192","targetHints":{"allow":["GET"]}}],"collection":[{"href":"https:\/\/parkingrome.it\/de\/wp-json\/wp\/v2\/pages"}],"about":[{"href":"https:\/\/parkingrome.it\/de\/wp-json\/wp\/v2\/types\/page"}],"author":[{"embeddable":true,"href":"https:\/\/parkingrome.it\/de\/wp-json\/wp\/v2\/users\/1"}],"replies":[{"embeddable":true,"href":"https:\/\/parkingrome.it\/de\/wp-json\/wp\/v2\/comments?post=20192"}],"version-history":[{"count":19,"href":"https:\/\/parkingrome.it\/de\/wp-json\/wp\/v2\/pages\/20192\/revisions"}],"predecessor-version":[{"id":42894,"href":"https:\/\/parkingrome.it\/de\/wp-json\/wp\/v2\/pages\/20192\/revisions\/42894"}],"wp:attachment":[{"href":"https:\/\/parkingrome.it\/de\/wp-json\/wp\/v2\/media?parent=20192"}],"curies":[{"name":"wp","href":"https:\/\/api.w.org\/{rel}","templated":true}]}}