{"id":22967,"date":"2023-03-23T17:55:49","date_gmt":"2023-03-23T16:55:49","guid":{"rendered":"https:\/\/parkingrome.it\/ihr-fahrzeug-buchen-sie-einen-parkplatz-in-rom\/"},"modified":"2025-12-02T23:39:33","modified_gmt":"2025-12-02T22:39:33","slug":"ihr-fahrzeug-buchen-sie-einen-parkplatz-in-rom","status":"publish","type":"page","link":"https:\/\/parkingrome.it\/de\/ihr-fahrzeug-buchen-sie-einen-parkplatz-in-rom\/","title":{"rendered":"Ihr Fahrzeug &#8211; Buchen Sie einen Parkplatz in Rom"},"content":{"rendered":"<p>[vc_row css=&#8220;.vc_custom_1648130804861{margin-top: -50px !important;}&#8220;][vc_column][vc_custom_heading text=&#8220;DIREKT ! &#8211; Parken in Rom in der N\u00e4he der Metro und des Stadtzentrums &#8220; font_container=&#8220;tag:h2|font_size:24|text_align:center|color:%231d600e|line_height:1.5&#8243; use_theme_fonts=&#8220;yes&#8220; css_animation=&#8220;flipInY&#8220;][\/vc_column][\/vc_row][vc_row][vc_column][vc_single_image image=&#8220;17815&#8243; img_size=&#8220;full&#8220; alignment=&#8220;center&#8220; style=&#8220;vc_box_shadow_3d&#8220; css_animation=&#8220;fadeInDown&#8220;][\/vc_column][\/vc_row][vc_row css=&#8220;.vc_custom_1648191675884{margin-top: -50px !important;}&#8220;][vc_column][vc_column_text css=&#8220;&#8220;]<\/p>\n<p style=\"text-align: center;\"><strong>\u00fcberdachter und bewachter Parkplatz (10 h!)<\/strong><\/p>\n<p><img decoding=\"async\" class=\"lazyload wp-image-17647 size-full aligncenter\" src=\"data:image\/svg+xml,%3Csvg%20xmlns%3D%27http%3A%2F%2Fwww.w3.org%2F2000%2Fsvg%27%20width%3D%27120%27%20height%3D%27120%27%20viewBox%3D%270%200%20120%20120%27%3E%3Crect%20width%3D%27120%27%20height%3D%27120%27%20fill-opacity%3D%220%22%2F%3E%3C%2Fsvg%3E\" data-orig-src=\"https:\/\/parkingrome.it\/wp-content\/uploads\/2022\/04\/moto-2.png\" alt=\"\" width=\"120\" height=\"120\"><\/p>\n<h4 style=\"text-align: center;\"><strong><img decoding=\"async\" class=\"lazyload alignnone wp-image-19193 size-full\" src=\"data:image\/svg+xml,%3Csvg%20xmlns%3D%27http%3A%2F%2Fwww.w3.org%2F2000%2Fsvg%27%20width%3D%2775%27%20height%3D%2775%27%20viewBox%3D%270%200%2075%2075%27%3E%3Crect%20width%3D%2775%27%20height%3D%2775%27%20fill-opacity%3D%220%22%2F%3E%3C%2Fsvg%3E\" data-orig-src=\"https:\/\/parkingrome.it\/wp-content\/uploads\/2022\/06\/indicazioni-parcheggio-moto-auto-furgone.gif\" alt=\"\" width=\"75\" height=\"75\"><\/strong><\/h4>\n<h4 style=\"text-align: center;\"><strong><img decoding=\"async\" class=\"lazyload alignnone wp-image-17477 size-full\" src=\"data:image\/svg+xml,%3Csvg%20xmlns%3D%27http%3A%2F%2Fwww.w3.org%2F2000%2Fsvg%27%20width%3D%2730%27%20height%3D%2730%27%20viewBox%3D%270%200%2030%2030%27%3E%3Crect%20width%3D%2730%27%20height%3D%2730%27%20fill-opacity%3D%220%22%2F%3E%3C%2Fsvg%3E\" data-orig-src=\"https:\/\/parkingrome.it\/wp-content\/uploads\/2022\/04\/economico.png\" alt=\"\" width=\"30\" height=\"30\"><a href=\"https:\/\/parkingrome.it\/de\/parkcity-96\/\">WIRTSCHAFTLICH: ab 7 \u20ac<\/a><\/strong><\/h4>\n<hr>\n<h4 style=\"text-align: center;\"><strong data-wp-editing=\"1\"><img decoding=\"async\" class=\"lazyload alignnone wp-image-17519 size-full\" src=\"data:image\/svg+xml,%3Csvg%20xmlns%3D%27http%3A%2F%2Fwww.w3.org%2F2000%2Fsvg%27%20width%3D%2730%27%20height%3D%2730%27%20viewBox%3D%270%200%2030%2030%27%3E%3Crect%20width%3D%2730%27%20height%3D%2730%27%20fill-opacity%3D%220%22%2F%3E%3C%2Fsvg%3E\" data-orig-src=\"https:\/\/parkingrome.it\/wp-content\/uploads\/2022\/04\/roma-colosseo.png\" alt=\"\" width=\"30\" height=\"30\"><a href=\"https:\/\/parkingrome.it\/de\/praesident\/\">ZENTRALISMUS: ab 10 \u20ac<\/a><\/strong><\/h4>\n<hr>\n<p style=\"text-align: center;\"><strong>bedeckt und bewacht (10 h!)<\/strong><\/p>\n<div id=\"attachment_28202\" style=\"width: 130px\" class=\"wp-caption aligncenter\"><img decoding=\"async\" aria-describedby=\"caption-attachment-28202\" class=\"lazyload wp-image-28199 size-full\" src=\"data:image\/svg+xml,%3Csvg%20xmlns%3D%27http%3A%2F%2Fwww.w3.org%2F2000%2Fsvg%27%20width%3D%27120%27%20height%3D%27120%27%20viewBox%3D%270%200%20120%20120%27%3E%3Crect%20width%3D%27120%27%20height%3D%27120%27%20fill-opacity%3D%220%22%2F%3E%3C%2Fsvg%3E\" data-orig-src=\"https:\/\/parkingrome.it\/wp-content\/uploads\/2023\/07\/auto-PICCOLA-bis.png\" alt=\"Kleinwagen\" width=\"120\" height=\"120\"><p id=\"caption-attachment-28202\" class=\"wp-caption-text\">Kleinwagen<\/p><\/div>\n<h4 style=\"text-align: center;\"><strong><img decoding=\"async\" class=\"lazyload alignnone wp-image-19193 size-full\" src=\"data:image\/svg+xml,%3Csvg%20xmlns%3D%27http%3A%2F%2Fwww.w3.org%2F2000%2Fsvg%27%20width%3D%2775%27%20height%3D%2775%27%20viewBox%3D%270%200%2075%2075%27%3E%3Crect%20width%3D%2775%27%20height%3D%2775%27%20fill-opacity%3D%220%22%2F%3E%3C%2Fsvg%3E\" data-orig-src=\"https:\/\/parkingrome.it\/wp-content\/uploads\/2022\/06\/indicazioni-parcheggio-moto-auto-furgone.gif\" alt=\"\" width=\"75\" height=\"75\"><\/strong><\/h4>\n<h4 style=\"text-align: center;\"><strong><img decoding=\"async\" class=\"lazyload alignnone wp-image-17477 size-full\" src=\"data:image\/svg+xml,%3Csvg%20xmlns%3D%27http%3A%2F%2Fwww.w3.org%2F2000%2Fsvg%27%20width%3D%2730%27%20height%3D%2730%27%20viewBox%3D%270%200%2030%2030%27%3E%3Crect%20width%3D%2730%27%20height%3D%2730%27%20fill-opacity%3D%220%22%2F%3E%3C%2Fsvg%3E\" data-orig-src=\"https:\/\/parkingrome.it\/wp-content\/uploads\/2022\/04\/economico.png\" alt=\"\" width=\"30\" height=\"30\"><a href=\"https:\/\/parkingrome.it\/de\/parkcity-96\/\">WIRTSCHAFTLICH: ab 13 \u20ac<\/a><\/strong><\/h4>\n<hr>\n<h4 style=\"text-align: center;\"><strong data-wp-editing=\"1\"><img decoding=\"async\" class=\"lazyload alignnone wp-image-17519 size-full\" src=\"data:image\/svg+xml,%3Csvg%20xmlns%3D%27http%3A%2F%2Fwww.w3.org%2F2000%2Fsvg%27%20width%3D%2730%27%20height%3D%2730%27%20viewBox%3D%270%200%2030%2030%27%3E%3Crect%20width%3D%2730%27%20height%3D%2730%27%20fill-opacity%3D%220%22%2F%3E%3C%2Fsvg%3E\" data-orig-src=\"https:\/\/parkingrome.it\/wp-content\/uploads\/2022\/04\/roma-colosseo.png\" alt=\"\" width=\"30\" height=\"30\"><a href=\"https:\/\/parkingrome.it\/de\/praesident\/\">SEHR ZENTRAL: ab 18 \u20ac<\/a><\/strong><\/h4>\n<hr>\n<p>&nbsp;<\/p>\n<p style=\"text-align: center;\"><strong>\u00fcberdachter und bewachter Parkplatz (10h!)<\/strong><\/p>\n<p style=\"text-align: center;\"><img decoding=\"async\" class=\"lazyload alignnone wp-image-19223 size-full\" src=\"data:image\/svg+xml,%3Csvg%20xmlns%3D%27http%3A%2F%2Fwww.w3.org%2F2000%2Fsvg%27%20width%3D%27120%27%20height%3D%27120%27%20viewBox%3D%270%200%20120%20120%27%3E%3Crect%20width%3D%27120%27%20height%3D%27120%27%20fill-opacity%3D%220%22%2F%3E%3C%2Fsvg%3E\" data-orig-src=\"https:\/\/parkingrome.it\/wp-content\/uploads\/2022\/10\/Minivan.png\" alt=\"\" width=\"120\" height=\"120\"><\/p>\n<h3 style=\"text-align: center;\"><img decoding=\"async\" class=\"lazyload alignnone wp-image-19193 size-full\" src=\"data:image\/svg+xml,%3Csvg%20xmlns%3D%27http%3A%2F%2Fwww.w3.org%2F2000%2Fsvg%27%20width%3D%2775%27%20height%3D%2775%27%20viewBox%3D%270%200%2075%2075%27%3E%3Crect%20width%3D%2775%27%20height%3D%2775%27%20fill-opacity%3D%220%22%2F%3E%3C%2Fsvg%3E\" data-orig-src=\"https:\/\/parkingrome.it\/wp-content\/uploads\/2022\/06\/indicazioni-parcheggio-moto-auto-furgone.gif\" alt=\"\" width=\"75\" height=\"75\"><\/h3>\n<h4 style=\"text-align: center;\"><strong><img decoding=\"async\" class=\"lazyload alignnone wp-image-17477 size-full\" src=\"data:image\/svg+xml,%3Csvg%20xmlns%3D%27http%3A%2F%2Fwww.w3.org%2F2000%2Fsvg%27%20width%3D%2730%27%20height%3D%2730%27%20viewBox%3D%270%200%2030%2030%27%3E%3Crect%20width%3D%2730%27%20height%3D%2730%27%20fill-opacity%3D%220%22%2F%3E%3C%2Fsvg%3E\" data-orig-src=\"https:\/\/parkingrome.it\/wp-content\/uploads\/2022\/04\/economico.png\" alt=\"\" width=\"30\" height=\"30\"><a href=\"https:\/\/parkingrome.it\/de\/parkcity-96\/\">WIRTSCHAFTLICH: ab 20\u20ac<\/a><\/strong><\/h4>\n<hr>\n<p>[<\/p>\n<p style=\"text-align: center;\"><strong>\u00fcberdachter und bewachter Parkplatz (10h!)<\/strong><\/p>\n<p style=\"text-align: center;\"><img decoding=\"async\" class=\"lazyload alignnone wp-image-17625 size-full\" src=\"data:image\/svg+xml,%3Csvg%20xmlns%3D%27http%3A%2F%2Fwww.w3.org%2F2000%2Fsvg%27%20width%3D%27120%27%20height%3D%27120%27%20viewBox%3D%270%200%20120%20120%27%3E%3Crect%20width%3D%27120%27%20height%3D%27120%27%20fill-opacity%3D%220%22%2F%3E%3C%2Fsvg%3E\" data-orig-src=\"https:\/\/parkingrome.it\/wp-content\/uploads\/2022\/04\/furgone-piccolo.png\" alt=\"Kleintransporter\" width=\"120\" height=\"120\"><\/p>\n<h3 style=\"text-align: center;\"><img decoding=\"async\" class=\"lazyload alignnone wp-image-19193 size-full\" src=\"data:image\/svg+xml,%3Csvg%20xmlns%3D%27http%3A%2F%2Fwww.w3.org%2F2000%2Fsvg%27%20width%3D%2775%27%20height%3D%2775%27%20viewBox%3D%270%200%2075%2075%27%3E%3Crect%20width%3D%2775%27%20height%3D%2775%27%20fill-opacity%3D%220%22%2F%3E%3C%2Fsvg%3E\" data-orig-src=\"https:\/\/parkingrome.it\/wp-content\/uploads\/2022\/06\/indicazioni-parcheggio-moto-auto-furgone.gif\" alt=\"\" width=\"75\" height=\"75\"><\/h3>\n<h4 style=\"text-align: center;\"><strong><img decoding=\"async\" class=\"lazyload alignnone wp-image-17477 size-full\" src=\"data:image\/svg+xml,%3Csvg%20xmlns%3D%27http%3A%2F%2Fwww.w3.org%2F2000%2Fsvg%27%20width%3D%2730%27%20height%3D%2730%27%20viewBox%3D%270%200%2030%2030%27%3E%3Crect%20width%3D%2730%27%20height%3D%2730%27%20fill-opacity%3D%220%22%2F%3E%3C%2Fsvg%3E\" data-orig-src=\"https:\/\/parkingrome.it\/wp-content\/uploads\/2022\/04\/economico.png\" alt=\"\" width=\"30\" height=\"30\"><a href=\"https:\/\/parkingrome.it\/de\/parkcity-96\/\">WIRTSCHAFTLICH: ab 20\u20ac<\/a><\/strong><\/h4>\n<hr>\n<h4 style=\"text-align: center;\"><\/h4>\n<p>[\/vc_column_text][\/vc_column][vc_column][vc_column_text css=&#8220;&#8220;]<\/p>\n<h5>&#8222;Einfache und sichere L\u00f6sungen f\u00fcr das Parken von Motorr\u00e4dern, Autos und Lieferwagen in der Stadt Rom. Vom Billigparken bis zum Parken im Stadtzentrum, kein ZTL-Risiko, \u00fcberdachte und bewachte Parkpl\u00e4tze 24 Stunden am Tag.<\/h5>\n<p>[\/vc_column_text][\/vc_column][vc_column][vc_column_text]https:\/\/youtu.be\/2G9Uke-QL2Y[\/vc_column_text][\/vc_column][\/vc_row][vc_row][vc_column][vc_separator][\/vc_column][\/vc_row]<\/p>\n","protected":false},"excerpt":{"rendered":"<p>[vc_row css=&#8220;.vc_custom_1648130804861{margin-top: -50px !important;}&#8220;][vc_column][vc_custom_heading text=&#8220;DIREKT ! &#8211; Parken in Rom  [&#8230;]<\/p>\n","protected":false},"author":1,"featured_media":31818,"parent":0,"menu_order":0,"comment_status":"closed","ping_status":"closed","template":"","meta":{"footnotes":""},"class_list":["post-22967","page","type-page","status-publish","has-post-thumbnail","hentry"],"yoast_head":"<!-- This site is optimized with the Yoast SEO plugin v27.5 - https:\/\/yoast.com\/product\/yoast-seo-wordpress\/ -->\n<title>Bewachter Parkplatz Roma Centro - Motorr\u00e4der, Autos und Transporter<\/title>\n<meta name=\"description\" content=\"Bewachter Parkplatz im Zentrum von Rom f\u00fcr Fahrzeuge, die mit Benzin, Diesel oder Gas betrieben werden. elektrisch mit Ladestationen f\u00fcr Motorr\u00e4der, Autos und Kleintransporter.\" \/>\n<meta name=\"robots\" content=\"noindex, follow\" \/>\n<meta property=\"og:locale\" content=\"de_DE\" \/>\n<meta property=\"og:type\" content=\"article\" \/>\n<meta property=\"og:title\" content=\"Bewachter Parkplatz Roma Centro - Motorr\u00e4der, Autos und Transporter\" \/>\n<meta property=\"og:description\" content=\"Bewachter Parkplatz im Zentrum von Rom f\u00fcr Fahrzeuge, die mit Benzin, Diesel oder Gas betrieben werden. elektrisch mit Ladestationen f\u00fcr Motorr\u00e4der, Autos und Kleintransporter.\" \/>\n<meta property=\"og:url\" content=\"https:\/\/parkingrome.it\/de\/ihr-fahrzeug-buchen-sie-einen-parkplatz-in-rom\/\" \/>\n<meta property=\"og:site_name\" content=\"Parken im Stadtzentrum von Rom | U-Bahn | Stadtzentrum - ParkingRome.IT\" \/>\n<meta property=\"article:publisher\" content=\"https:\/\/www.facebook.com\/pages\/Parcheggi-Roma-Centro\/367506520088613\" \/>\n<meta property=\"article:modified_time\" content=\"2025-12-02T22:39:33+00:00\" \/>\n<meta property=\"og:image\" content=\"https:\/\/parkingrome.it\/wp-content\/uploads\/2024\/03\/Sicheres-Parken-im-Zentrum-von-Rom.jpg\" \/>\n\t<meta property=\"og:image:width\" content=\"1200\" \/>\n\t<meta property=\"og:image:height\" content=\"628\" \/>\n\t<meta property=\"og:image:type\" content=\"image\/jpeg\" \/>\n<meta name=\"twitter:card\" content=\"summary_large_image\" \/>\n<meta name=\"twitter:site\" content=\"@PaekingR\" \/>\n<meta name=\"twitter:label1\" content=\"Gesch\u00e4tzte Lesezeit\" \/>\n\t<meta name=\"twitter:data1\" content=\"1\u00a0Minute\" \/>\n<script type=\"application\/ld+json\" class=\"yoast-schema-graph\">{\"@context\":\"https:\\\/\\\/schema.org\",\"@graph\":[{\"@type\":\"WebPage\",\"@id\":\"https:\\\/\\\/parkingrome.it\\\/de\\\/ihr-fahrzeug-buchen-sie-einen-parkplatz-in-rom\\\/\",\"url\":\"https:\\\/\\\/parkingrome.it\\\/de\\\/ihr-fahrzeug-buchen-sie-einen-parkplatz-in-rom\\\/\",\"name\":\"Bewachter Parkplatz Roma Centro - Motorr\u00e4der, Autos und Transporter\",\"isPartOf\":{\"@id\":\"https:\\\/\\\/parkingrome.it\\\/de\\\/#website\"},\"primaryImageOfPage\":{\"@id\":\"https:\\\/\\\/parkingrome.it\\\/de\\\/ihr-fahrzeug-buchen-sie-einen-parkplatz-in-rom\\\/#primaryimage\"},\"image\":{\"@id\":\"https:\\\/\\\/parkingrome.it\\\/de\\\/ihr-fahrzeug-buchen-sie-einen-parkplatz-in-rom\\\/#primaryimage\"},\"thumbnailUrl\":\"https:\\\/\\\/parkingrome.it\\\/wp-content\\\/uploads\\\/2024\\\/03\\\/Sicheres-Parken-im-Zentrum-von-Rom.jpg\",\"datePublished\":\"2023-03-23T16:55:49+00:00\",\"dateModified\":\"2025-12-02T22:39:33+00:00\",\"description\":\"Bewachter Parkplatz im Zentrum von Rom f\u00fcr Fahrzeuge, die mit Benzin, Diesel oder Gas betrieben werden. elektrisch mit Ladestationen f\u00fcr Motorr\u00e4der, Autos und Kleintransporter.\",\"breadcrumb\":{\"@id\":\"https:\\\/\\\/parkingrome.it\\\/de\\\/ihr-fahrzeug-buchen-sie-einen-parkplatz-in-rom\\\/#breadcrumb\"},\"inLanguage\":\"de\",\"potentialAction\":[{\"@type\":\"ReadAction\",\"target\":[\"https:\\\/\\\/parkingrome.it\\\/de\\\/ihr-fahrzeug-buchen-sie-einen-parkplatz-in-rom\\\/\"]}]},{\"@type\":\"ImageObject\",\"inLanguage\":\"de\",\"@id\":\"https:\\\/\\\/parkingrome.it\\\/de\\\/ihr-fahrzeug-buchen-sie-einen-parkplatz-in-rom\\\/#primaryimage\",\"url\":\"https:\\\/\\\/parkingrome.it\\\/wp-content\\\/uploads\\\/2024\\\/03\\\/Sicheres-Parken-im-Zentrum-von-Rom.jpg\",\"contentUrl\":\"https:\\\/\\\/parkingrome.it\\\/wp-content\\\/uploads\\\/2024\\\/03\\\/Sicheres-Parken-im-Zentrum-von-Rom.jpg\",\"width\":1200,\"height\":628,\"caption\":\"Sicherer Parkplatz Roma Centro\"},{\"@type\":\"BreadcrumbList\",\"@id\":\"https:\\\/\\\/parkingrome.it\\\/de\\\/ihr-fahrzeug-buchen-sie-einen-parkplatz-in-rom\\\/#breadcrumb\",\"itemListElement\":[{\"@type\":\"ListItem\",\"position\":1,\"name\":\"Home\",\"item\":\"https:\\\/\\\/parkingrome.it\\\/de\\\/\"},{\"@type\":\"ListItem\",\"position\":2,\"name\":\"Ihr Fahrzeug &#8211; Buchen Sie einen Parkplatz in Rom\"}]},{\"@type\":\"WebSite\",\"@id\":\"https:\\\/\\\/parkingrome.it\\\/de\\\/#website\",\"url\":\"https:\\\/\\\/parkingrome.it\\\/de\\\/\",\"name\":\"Parcheggio Roma Centro | Metro | Centro citt\u00e0 - ParkingRome.IT\",\"description\":\"Sicherer, \u00fcberdachter und bewachter Parkplatz f\u00fcr Autos, Motorr\u00e4der und Lieferwagen in der N\u00e4he der U-Bahn in Rom.\",\"publisher\":{\"@id\":\"https:\\\/\\\/parkingrome.it\\\/de\\\/#organization\"},\"potentialAction\":[{\"@type\":\"SearchAction\",\"target\":{\"@type\":\"EntryPoint\",\"urlTemplate\":\"https:\\\/\\\/parkingrome.it\\\/de\\\/?s={search_term_string}\"},\"query-input\":{\"@type\":\"PropertyValueSpecification\",\"valueRequired\":true,\"valueName\":\"search_term_string\"}}],\"inLanguage\":\"de\"},{\"@type\":\"Organization\",\"@id\":\"https:\\\/\\\/parkingrome.it\\\/de\\\/#organization\",\"name\":\"Parking Rome\",\"url\":\"https:\\\/\\\/parkingrome.it\\\/de\\\/\",\"logo\":{\"@type\":\"ImageObject\",\"inLanguage\":\"de\",\"@id\":\"https:\\\/\\\/parkingrome.it\\\/de\\\/#\\\/schema\\\/logo\\\/image\\\/\",\"url\":\"https:\\\/\\\/parkingrome.it\\\/wp-content\\\/uploads\\\/2019\\\/12\\\/cropped-Parking-Rome-official-partner-min.png\",\"contentUrl\":\"https:\\\/\\\/parkingrome.it\\\/wp-content\\\/uploads\\\/2019\\\/12\\\/cropped-Parking-Rome-official-partner-min.png\",\"width\":512,\"height\":512,\"caption\":\"Parking Rome\"},\"image\":{\"@id\":\"https:\\\/\\\/parkingrome.it\\\/de\\\/#\\\/schema\\\/logo\\\/image\\\/\"},\"sameAs\":[\"https:\\\/\\\/www.facebook.com\\\/pages\\\/Parcheggi-Roma-Centro\\\/367506520088613\",\"https:\\\/\\\/x.com\\\/PaekingR\",\"https:\\\/\\\/www.youtube.com\\\/c\\\/ParkingromeIt01\"]}]}<\/script>\n<!-- \/ Yoast SEO plugin. -->","yoast_head_json":{"title":"Bewachter Parkplatz Roma Centro - Motorr\u00e4der, Autos und Transporter","description":"Bewachter Parkplatz im Zentrum von Rom f\u00fcr Fahrzeuge, die mit Benzin, Diesel oder Gas betrieben werden. elektrisch mit Ladestationen f\u00fcr Motorr\u00e4der, Autos und Kleintransporter.","robots":{"index":"noindex","follow":"follow"},"og_locale":"de_DE","og_type":"article","og_title":"Bewachter Parkplatz Roma Centro - Motorr\u00e4der, Autos und Transporter","og_description":"Bewachter Parkplatz im Zentrum von Rom f\u00fcr Fahrzeuge, die mit Benzin, Diesel oder Gas betrieben werden. elektrisch mit Ladestationen f\u00fcr Motorr\u00e4der, Autos und Kleintransporter.","og_url":"https:\/\/parkingrome.it\/de\/ihr-fahrzeug-buchen-sie-einen-parkplatz-in-rom\/","og_site_name":"Parken im Stadtzentrum von Rom | U-Bahn | Stadtzentrum - ParkingRome.IT","article_publisher":"https:\/\/www.facebook.com\/pages\/Parcheggi-Roma-Centro\/367506520088613","article_modified_time":"2025-12-02T22:39:33+00:00","og_image":[{"width":1200,"height":628,"url":"https:\/\/parkingrome.it\/wp-content\/uploads\/2024\/03\/Sicheres-Parken-im-Zentrum-von-Rom.jpg","type":"image\/jpeg"}],"twitter_card":"summary_large_image","twitter_site":"@PaekingR","twitter_misc":{"Gesch\u00e4tzte Lesezeit":"1\u00a0Minute"},"schema":{"@context":"https:\/\/schema.org","@graph":[{"@type":"WebPage","@id":"https:\/\/parkingrome.it\/de\/ihr-fahrzeug-buchen-sie-einen-parkplatz-in-rom\/","url":"https:\/\/parkingrome.it\/de\/ihr-fahrzeug-buchen-sie-einen-parkplatz-in-rom\/","name":"Bewachter Parkplatz Roma Centro - Motorr\u00e4der, Autos und Transporter","isPartOf":{"@id":"https:\/\/parkingrome.it\/de\/#website"},"primaryImageOfPage":{"@id":"https:\/\/parkingrome.it\/de\/ihr-fahrzeug-buchen-sie-einen-parkplatz-in-rom\/#primaryimage"},"image":{"@id":"https:\/\/parkingrome.it\/de\/ihr-fahrzeug-buchen-sie-einen-parkplatz-in-rom\/#primaryimage"},"thumbnailUrl":"https:\/\/parkingrome.it\/wp-content\/uploads\/2024\/03\/Sicheres-Parken-im-Zentrum-von-Rom.jpg","datePublished":"2023-03-23T16:55:49+00:00","dateModified":"2025-12-02T22:39:33+00:00","description":"Bewachter Parkplatz im Zentrum von Rom f\u00fcr Fahrzeuge, die mit Benzin, Diesel oder Gas betrieben werden. elektrisch mit Ladestationen f\u00fcr Motorr\u00e4der, Autos und Kleintransporter.","breadcrumb":{"@id":"https:\/\/parkingrome.it\/de\/ihr-fahrzeug-buchen-sie-einen-parkplatz-in-rom\/#breadcrumb"},"inLanguage":"de","potentialAction":[{"@type":"ReadAction","target":["https:\/\/parkingrome.it\/de\/ihr-fahrzeug-buchen-sie-einen-parkplatz-in-rom\/"]}]},{"@type":"ImageObject","inLanguage":"de","@id":"https:\/\/parkingrome.it\/de\/ihr-fahrzeug-buchen-sie-einen-parkplatz-in-rom\/#primaryimage","url":"https:\/\/parkingrome.it\/wp-content\/uploads\/2024\/03\/Sicheres-Parken-im-Zentrum-von-Rom.jpg","contentUrl":"https:\/\/parkingrome.it\/wp-content\/uploads\/2024\/03\/Sicheres-Parken-im-Zentrum-von-Rom.jpg","width":1200,"height":628,"caption":"Sicherer Parkplatz Roma Centro"},{"@type":"BreadcrumbList","@id":"https:\/\/parkingrome.it\/de\/ihr-fahrzeug-buchen-sie-einen-parkplatz-in-rom\/#breadcrumb","itemListElement":[{"@type":"ListItem","position":1,"name":"Home","item":"https:\/\/parkingrome.it\/de\/"},{"@type":"ListItem","position":2,"name":"Ihr Fahrzeug &#8211; Buchen Sie einen Parkplatz in Rom"}]},{"@type":"WebSite","@id":"https:\/\/parkingrome.it\/de\/#website","url":"https:\/\/parkingrome.it\/de\/","name":"Parcheggio Roma Centro | Metro | Centro citt\u00e0 - ParkingRome.IT","description":"Sicherer, \u00fcberdachter und bewachter Parkplatz f\u00fcr Autos, Motorr\u00e4der und Lieferwagen in der N\u00e4he der U-Bahn in Rom.","publisher":{"@id":"https:\/\/parkingrome.it\/de\/#organization"},"potentialAction":[{"@type":"SearchAction","target":{"@type":"EntryPoint","urlTemplate":"https:\/\/parkingrome.it\/de\/?s={search_term_string}"},"query-input":{"@type":"PropertyValueSpecification","valueRequired":true,"valueName":"search_term_string"}}],"inLanguage":"de"},{"@type":"Organization","@id":"https:\/\/parkingrome.it\/de\/#organization","name":"Parking Rome","url":"https:\/\/parkingrome.it\/de\/","logo":{"@type":"ImageObject","inLanguage":"de","@id":"https:\/\/parkingrome.it\/de\/#\/schema\/logo\/image\/","url":"https:\/\/parkingrome.it\/wp-content\/uploads\/2019\/12\/cropped-Parking-Rome-official-partner-min.png","contentUrl":"https:\/\/parkingrome.it\/wp-content\/uploads\/2019\/12\/cropped-Parking-Rome-official-partner-min.png","width":512,"height":512,"caption":"Parking Rome"},"image":{"@id":"https:\/\/parkingrome.it\/de\/#\/schema\/logo\/image\/"},"sameAs":["https:\/\/www.facebook.com\/pages\/Parcheggi-Roma-Centro\/367506520088613","https:\/\/x.com\/PaekingR","https:\/\/www.youtube.com\/c\/ParkingromeIt01"]}]}},"_links":{"self":[{"href":"https:\/\/parkingrome.it\/de\/wp-json\/wp\/v2\/pages\/22967","targetHints":{"allow":["GET"]}}],"collection":[{"href":"https:\/\/parkingrome.it\/de\/wp-json\/wp\/v2\/pages"}],"about":[{"href":"https:\/\/parkingrome.it\/de\/wp-json\/wp\/v2\/types\/page"}],"author":[{"embeddable":true,"href":"https:\/\/parkingrome.it\/de\/wp-json\/wp\/v2\/users\/1"}],"replies":[{"embeddable":true,"href":"https:\/\/parkingrome.it\/de\/wp-json\/wp\/v2\/comments?post=22967"}],"version-history":[{"count":4,"href":"https:\/\/parkingrome.it\/de\/wp-json\/wp\/v2\/pages\/22967\/revisions"}],"predecessor-version":[{"id":40496,"href":"https:\/\/parkingrome.it\/de\/wp-json\/wp\/v2\/pages\/22967\/revisions\/40496"}],"wp:featuredmedia":[{"embeddable":true,"href":"https:\/\/parkingrome.it\/de\/wp-json\/wp\/v2\/media\/31818"}],"wp:attachment":[{"href":"https:\/\/parkingrome.it\/de\/wp-json\/wp\/v2\/media?parent=22967"}],"curies":[{"name":"wp","href":"https:\/\/api.w.org\/{rel}","templated":true}]}}