{"id":35812,"date":"2025-08-29T21:16:13","date_gmt":"2025-08-29T19:16:13","guid":{"rendered":"https:\/\/parkingrome.it\/spot-parken-rom\/"},"modified":"2026-04-13T16:37:37","modified_gmt":"2026-04-13T14:37:37","slug":"spot-parken-rom","status":"publish","type":"page","link":"https:\/\/parkingrome.it\/de\/spot-parken-rom\/","title":{"rendered":"Wo Sie Ihr Auto in Rom parken k\u00f6nnen, um das Zentrum zu besuchen | Video"},"content":{"rendered":"<p><div class=\"fusion-fullwidth fullwidth-box fusion-builder-row-1 fusion-flex-container has-pattern-background has-mask-background fusion-parallax-none nonhundred-percent-fullwidth non-hundred-percent-height-scrolling lazyload\" style=\"--awb-background-position:center top;--awb-border-radius-top-left:0px;--awb-border-radius-top-right:0px;--awb-border-radius-bottom-right:0px;--awb-border-radius-bottom-left:0px;--awb-background-size:cover;--awb-flex-wrap:wrap;\" data-bg=\"https:\/\/parkingrome.it\/wp-content\/uploads\/2026\/04\/carrental3-section-bg9.svg\" ><div class=\"fusion-builder-row fusion-row fusion-flex-align-items-flex-start fusion-flex-content-wrap\" style=\"max-width:1456px;margin-left: calc(-4% \/ 2 );margin-right: calc(-4% \/ 2 );\"><div class=\"fusion-layout-column fusion_builder_column fusion-builder-column-0 fusion_builder_column_1_1 1_1 fusion-flex-column\" style=\"--awb-bg-blend:overlay;--awb-bg-size:cover;--awb-width-large:100%;--awb-margin-top-large:20px;--awb-spacing-right-large:1.92%;--awb-margin-bottom-large:20px;--awb-spacing-left-large:1.92%;--awb-width-medium:100%;--awb-spacing-right-medium:1.92%;--awb-spacing-left-medium:1.92%;--awb-width-small:100%;--awb-spacing-right-small:1.92%;--awb-spacing-left-small:1.92%;\"><div class=\"fusion-column-wrapper fusion-flex-justify-content-flex-start fusion-content-layout-column\"><div class=\"fusion-title title fusion-title-1 fusion-sep-none fusion-title-center fusion-title-text fusion-title-size-two\" style=\"--awb-text-color:var(--awb-color4);--awb-margin-bottom:20px;--awb-margin-top-small:10px;--awb-margin-right-small:0px;--awb-margin-bottom-small:10px;--awb-margin-left-small:0px;\"><h2 class=\"fusion-title-heading title-heading-center\" style=\"margin:0;\"><h3 class=\"content-box-heading fusion-responsive-typography-calculated\" style=\"text-align: center;\" data-fontsize=\"24\" data-lineheight=\"29.04px\">VIDEO Parkplatz Rom<\/h3><\/h2><\/div><div class=\"fusion-text fusion-text-1\" style=\"--awb-text-color:var(--awb-color5);\"><div class=\"video-shortcode\"><iframe title=\"Spot ParkingRome DEU\" width=\"1400\" height=\"788\" src=\"https:\/\/www.youtube.com\/embed\/2G9Uke-QL2Y?feature=oembed\" frameborder=\"0\" allow=\"accelerometer; autoplay; clipboard-write; encrypted-media; gyroscope; picture-in-picture; web-share\" referrerpolicy=\"strict-origin-when-cross-origin\" allowfullscreen><\/iframe><\/div>\n<\/div><div class=\"fusion-separator fusion-full-width-sep\" style=\"align-self: center;margin-left: auto;margin-right: auto;margin-top:15px;width:100%;\"><\/div><\/div><\/div><\/div><\/div><div class=\"fusion-fullwidth fullwidth-box fusion-builder-row-2 fusion-flex-container has-pattern-background has-mask-background fusion-parallax-none nonhundred-percent-fullwidth non-hundred-percent-height-scrolling lazyload\" style=\"--awb-background-position:center top;--awb-border-radius-top-left:0px;--awb-border-radius-top-right:0px;--awb-border-radius-bottom-right:0px;--awb-border-radius-bottom-left:0px;--awb-background-size:cover;--awb-flex-wrap:wrap;\" data-bg=\"https:\/\/parkingrome.it\/wp-content\/uploads\/2026\/04\/carrental3-section-bg10.svg\" ><div class=\"fusion-builder-row fusion-row fusion-flex-align-items-flex-start fusion-flex-content-wrap\" style=\"max-width:1456px;margin-left: calc(-4% \/ 2 );margin-right: calc(-4% \/ 2 );\"><div class=\"fusion-layout-column fusion_builder_column fusion-builder-column-1 fusion_builder_column_1_5 1_5 fusion-flex-column\" style=\"--awb-bg-blend:overlay;--awb-bg-size:cover;--awb-width-large:20%;--awb-margin-top-large:0px;--awb-spacing-right-large:9.6%;--awb-margin-bottom-large:20px;--awb-spacing-left-large:9.6%;--awb-width-medium:20%;--awb-spacing-right-medium:9.6%;--awb-spacing-left-medium:9.6%;--awb-width-small:100%;--awb-spacing-right-small:1.92%;--awb-spacing-left-small:1.92%;\"><div class=\"fusion-column-wrapper fusion-flex-justify-content-flex-start fusion-content-layout-column\"><\/div><\/div><div class=\"fusion-layout-column fusion_builder_column fusion-builder-column-2 fusion_builder_column_3_5 3_5 fusion-flex-column\" style=\"--awb-bg-blend:overlay;--awb-bg-size:cover;--awb-width-large:60%;--awb-margin-top-large:20px;--awb-spacing-right-large:3.2%;--awb-margin-bottom-large:20px;--awb-spacing-left-large:3.2%;--awb-width-medium:60%;--awb-spacing-right-medium:3.2%;--awb-spacing-left-medium:3.2%;--awb-width-small:100%;--awb-spacing-right-small:1.92%;--awb-spacing-left-small:1.92%;\"><div class=\"fusion-column-wrapper fusion-flex-justify-content-flex-start fusion-content-layout-column\"><div class=\"fusion-image-element \" style=\"--awb-caption-title-font-family:var(--h2_typography-font-family);--awb-caption-title-font-weight:var(--h2_typography-font-weight);--awb-caption-title-font-style:var(--h2_typography-font-style);--awb-caption-title-size:var(--h2_typography-font-size);--awb-caption-title-transform:var(--h2_typography-text-transform);--awb-caption-title-line-height:var(--h2_typography-line-height);--awb-caption-title-letter-spacing:var(--h2_typography-letter-spacing);\"><span class=\" fusion-imageframe imageframe-none imageframe-1 hover-type-none\"><img decoding=\"async\" width=\"1240\" height=\"120\" title=\"Parking-Rome-logo-1240&#215;120-1\" src=\"data:image\/svg+xml,%3Csvg%20xmlns%3D%27http%3A%2F%2Fwww.w3.org%2F2000%2Fsvg%27%20width%3D%271240%27%20height%3D%27120%27%20viewBox%3D%270%200%201240%20120%27%3E%3Crect%20width%3D%271240%27%20height%3D%27120%27%20fill-opacity%3D%220%22%2F%3E%3C%2Fsvg%3E\" data-orig-src=\"https:\/\/parkingrome.it\/wp-content\/uploads\/2022\/03\/Parking-Rome-logo-1240x120-1.webp\" alt class=\"lazyload img-responsive wp-image-26000\"\/><\/span><\/div><div class=\"fusion-title title fusion-title-2 fusion-sep-none fusion-title-center fusion-title-text fusion-title-size-two\" style=\"--awb-text-color:var(--awb-color4);--awb-margin-bottom:20px;--awb-margin-top-small:10px;--awb-margin-right-small:0px;--awb-margin-bottom-small:10px;--awb-margin-left-small:0px;\"><h2 class=\"fusion-title-heading title-heading-center\" style=\"margin:0;\"><h3 class=\"content-box-heading fusion-responsive-typography-calculated\" style=\"text-align: center;\" data-fontsize=\"24\" data-lineheight=\"29.04px\">KOSTENLOSE Reservierung<\/h3><\/h2><\/div><div class=\"fusion-text fusion-text-2\" style=\"--awb-text-color:var(--awb-color5);\"><h5 style=\"text-align: center;\"><strong>Online buchen und im Parkhaus bezahlen!<\/strong><\/h5>\n<p style=\"text-align: center;\"><strong>\u00dcberdachte und rund um die Uhr bewachte Parkpl\u00e4tze f\u00fcr Motorr\u00e4der, Autos und Lieferwagen.<\/strong><\/p>\n<\/div><div style=\"text-align:center;\"><a class=\"fusion-button button-flat fusion-button-default-size button-default fusion-button-default button-1 fusion-button-default-span fusion-button-default-type\" style=\"--button_text_transform:uppercase;\" target=\"_self\" href=\"https:\/\/parkingrome.it\/de\/parken-in-rom-buchen\/\"><span class=\"fusion-button-text awb-button__text awb-button__text--default\">Buchen Sie<\/span><\/a><\/div><div class=\"fusion-separator fusion-full-width-sep\" style=\"align-self: center;margin-left: auto;margin-right: auto;margin-top:15px;width:100%;\"><\/div><\/div><\/div><div class=\"fusion-layout-column fusion_builder_column fusion-builder-column-3 fusion_builder_column_1_5 1_5 fusion-flex-column\" style=\"--awb-bg-blend:overlay;--awb-bg-size:cover;--awb-width-large:20%;--awb-margin-top-large:0px;--awb-spacing-right-large:9.6%;--awb-margin-bottom-large:20px;--awb-spacing-left-large:9.6%;--awb-width-medium:20%;--awb-spacing-right-medium:9.6%;--awb-spacing-left-medium:9.6%;--awb-width-small:100%;--awb-spacing-right-small:1.92%;--awb-spacing-left-small:1.92%;\"><div class=\"fusion-column-wrapper fusion-flex-justify-content-flex-start fusion-content-layout-column\"><\/div><\/div><\/div><\/div><\/p>\n","protected":false},"excerpt":{"rendered":"","protected":false},"author":1,"featured_media":35868,"parent":0,"menu_order":0,"comment_status":"closed","ping_status":"closed","template":"","meta":{"footnotes":""},"class_list":["post-35812","page","type-page","status-publish","has-post-thumbnail","hentry"],"yoast_head":"<!-- This site is optimized with the Yoast SEO plugin v27.4 - https:\/\/yoast.com\/product\/yoast-seo-wordpress\/ -->\n<title>Wo Sie Ihr Auto in Rom parken k\u00f6nnen, um das Zentrum zu besuchen | Video - Parken im Stadtzentrum von Rom | U-Bahn | Stadtzentrum - ParkingRome.IT<\/title>\n<meta name=\"description\" content=\"Wo Sie Ihr Auto in Rom parken k\u00f6nnen, um das Zentrum zu besuchen. Lassen Sie Ihr Auto sicher stehen. Kein ZTL-Gr\u00fcng\u00fcrtel in der N\u00e4he von METRO A.\" \/>\n<meta name=\"robots\" content=\"index, follow, max-snippet:-1, max-image-preview:large, max-video-preview:-1\" \/>\n<link rel=\"canonical\" href=\"https:\/\/parkingrome.it\/de\/spot-parken-rom\/\" \/>\n<meta property=\"og:locale\" content=\"de_DE\" \/>\n<meta property=\"og:type\" content=\"article\" \/>\n<meta property=\"og:title\" content=\"Wo Sie Ihr Auto in Rom parken k\u00f6nnen, um das Zentrum zu besuchen | Video - Parken im Stadtzentrum von Rom | U-Bahn | Stadtzentrum - ParkingRome.IT\" \/>\n<meta property=\"og:description\" content=\"Wo Sie Ihr Auto in Rom parken k\u00f6nnen, um das Zentrum zu besuchen. Lassen Sie Ihr Auto sicher stehen. Kein ZTL-Gr\u00fcng\u00fcrtel in der N\u00e4he von METRO A.\" \/>\n<meta property=\"og:url\" content=\"https:\/\/parkingrome.it\/de\/spot-parken-rom\/\" \/>\n<meta property=\"og:site_name\" content=\"Parken im Stadtzentrum von Rom | U-Bahn | Stadtzentrum - ParkingRome.IT\" \/>\n<meta property=\"article:publisher\" content=\"https:\/\/www.facebook.com\/pages\/Parcheggi-Roma-Centro\/367506520088613\" \/>\n<meta property=\"article:modified_time\" content=\"2026-04-13T14:37:37+00:00\" \/>\n<meta property=\"og:image\" content=\"https:\/\/parkingrome.it\/wp-content\/uploads\/2025\/08\/ParkingRome-Spot.jpg\" \/>\n\t<meta property=\"og:image:width\" content=\"1500\" \/>\n\t<meta property=\"og:image:height\" content=\"750\" \/>\n\t<meta property=\"og:image:type\" content=\"image\/jpeg\" \/>\n<meta name=\"twitter:card\" content=\"summary_large_image\" \/>\n<meta name=\"twitter:site\" content=\"@PaekingR\" \/>\n<meta name=\"twitter:label1\" content=\"Gesch\u00e4tzte Lesezeit\" \/>\n\t<meta name=\"twitter:data1\" content=\"14\u00a0Minute\" \/>\n<script type=\"application\/ld+json\" class=\"yoast-schema-graph\">{\"@context\":\"https:\\\/\\\/schema.org\",\"@graph\":[{\"@type\":\"WebPage\",\"@id\":\"https:\\\/\\\/parkingrome.it\\\/de\\\/spot-parken-rom\\\/\",\"url\":\"https:\\\/\\\/parkingrome.it\\\/de\\\/spot-parken-rom\\\/\",\"name\":\"Wo Sie Ihr Auto in Rom parken k\u00f6nnen, um das Zentrum zu besuchen | Video - Parken im Stadtzentrum von Rom | U-Bahn | Stadtzentrum - ParkingRome.IT\",\"isPartOf\":{\"@id\":\"https:\\\/\\\/parkingrome.it\\\/de\\\/#website\"},\"primaryImageOfPage\":{\"@id\":\"https:\\\/\\\/parkingrome.it\\\/de\\\/spot-parken-rom\\\/#primaryimage\"},\"image\":{\"@id\":\"https:\\\/\\\/parkingrome.it\\\/de\\\/spot-parken-rom\\\/#primaryimage\"},\"thumbnailUrl\":\"https:\\\/\\\/parkingrome.it\\\/wp-content\\\/uploads\\\/2025\\\/08\\\/ParkingRome-Spot.jpg\",\"datePublished\":\"2025-08-29T19:16:13+00:00\",\"dateModified\":\"2026-04-13T14:37:37+00:00\",\"description\":\"Wo Sie Ihr Auto in Rom parken k\u00f6nnen, um das Zentrum zu besuchen. Lassen Sie Ihr Auto sicher stehen. Kein ZTL-Gr\u00fcng\u00fcrtel in der N\u00e4he von METRO A.\",\"breadcrumb\":{\"@id\":\"https:\\\/\\\/parkingrome.it\\\/de\\\/spot-parken-rom\\\/#breadcrumb\"},\"inLanguage\":\"de\",\"potentialAction\":[{\"@type\":\"ReadAction\",\"target\":[\"https:\\\/\\\/parkingrome.it\\\/de\\\/spot-parken-rom\\\/\"]}]},{\"@type\":\"ImageObject\",\"inLanguage\":\"de\",\"@id\":\"https:\\\/\\\/parkingrome.it\\\/de\\\/spot-parken-rom\\\/#primaryimage\",\"url\":\"https:\\\/\\\/parkingrome.it\\\/wp-content\\\/uploads\\\/2025\\\/08\\\/ParkingRome-Spot.jpg\",\"contentUrl\":\"https:\\\/\\\/parkingrome.it\\\/wp-content\\\/uploads\\\/2025\\\/08\\\/ParkingRome-Spot.jpg\",\"width\":1500,\"height\":750,\"caption\":\"ParkplatzRome Spot\"},{\"@type\":\"BreadcrumbList\",\"@id\":\"https:\\\/\\\/parkingrome.it\\\/de\\\/spot-parken-rom\\\/#breadcrumb\",\"itemListElement\":[{\"@type\":\"ListItem\",\"position\":1,\"name\":\"Home\",\"item\":\"https:\\\/\\\/parkingrome.it\\\/de\\\/\"},{\"@type\":\"ListItem\",\"position\":2,\"name\":\"Wo Sie Ihr Auto in Rom parken k\u00f6nnen, um das Zentrum zu besuchen | Video\"}]},{\"@type\":\"WebSite\",\"@id\":\"https:\\\/\\\/parkingrome.it\\\/de\\\/#website\",\"url\":\"https:\\\/\\\/parkingrome.it\\\/de\\\/\",\"name\":\"Parcheggio Roma Centro | Metro | Centro citt\u00e0 - ParkingRome.IT\",\"description\":\"Sicherer, \u00fcberdachter und bewachter Parkplatz f\u00fcr Autos, Motorr\u00e4der und Lieferwagen in der N\u00e4he der U-Bahn in Rom.\",\"publisher\":{\"@id\":\"https:\\\/\\\/parkingrome.it\\\/de\\\/#organization\"},\"potentialAction\":[{\"@type\":\"SearchAction\",\"target\":{\"@type\":\"EntryPoint\",\"urlTemplate\":\"https:\\\/\\\/parkingrome.it\\\/de\\\/?s={search_term_string}\"},\"query-input\":{\"@type\":\"PropertyValueSpecification\",\"valueRequired\":true,\"valueName\":\"search_term_string\"}}],\"inLanguage\":\"de\"},{\"@type\":\"Organization\",\"@id\":\"https:\\\/\\\/parkingrome.it\\\/de\\\/#organization\",\"name\":\"Parking Rome\",\"url\":\"https:\\\/\\\/parkingrome.it\\\/de\\\/\",\"logo\":{\"@type\":\"ImageObject\",\"inLanguage\":\"de\",\"@id\":\"https:\\\/\\\/parkingrome.it\\\/de\\\/#\\\/schema\\\/logo\\\/image\\\/\",\"url\":\"https:\\\/\\\/parkingrome.it\\\/wp-content\\\/uploads\\\/2019\\\/12\\\/cropped-Parking-Rome-official-partner-min.png\",\"contentUrl\":\"https:\\\/\\\/parkingrome.it\\\/wp-content\\\/uploads\\\/2019\\\/12\\\/cropped-Parking-Rome-official-partner-min.png\",\"width\":512,\"height\":512,\"caption\":\"Parking Rome\"},\"image\":{\"@id\":\"https:\\\/\\\/parkingrome.it\\\/de\\\/#\\\/schema\\\/logo\\\/image\\\/\"},\"sameAs\":[\"https:\\\/\\\/www.facebook.com\\\/pages\\\/Parcheggi-Roma-Centro\\\/367506520088613\",\"https:\\\/\\\/x.com\\\/PaekingR\",\"https:\\\/\\\/www.youtube.com\\\/c\\\/ParkingromeIt01\"]}]}<\/script>\n<!-- \/ Yoast SEO plugin. -->","yoast_head_json":{"title":"Wo Sie Ihr Auto in Rom parken k\u00f6nnen, um das Zentrum zu besuchen | Video - Parken im Stadtzentrum von Rom | U-Bahn | Stadtzentrum - ParkingRome.IT","description":"Wo Sie Ihr Auto in Rom parken k\u00f6nnen, um das Zentrum zu besuchen. Lassen Sie Ihr Auto sicher stehen. Kein ZTL-Gr\u00fcng\u00fcrtel in der N\u00e4he von METRO A.","robots":{"index":"index","follow":"follow","max-snippet":"max-snippet:-1","max-image-preview":"max-image-preview:large","max-video-preview":"max-video-preview:-1"},"canonical":"https:\/\/parkingrome.it\/de\/spot-parken-rom\/","og_locale":"de_DE","og_type":"article","og_title":"Wo Sie Ihr Auto in Rom parken k\u00f6nnen, um das Zentrum zu besuchen | Video - Parken im Stadtzentrum von Rom | U-Bahn | Stadtzentrum - ParkingRome.IT","og_description":"Wo Sie Ihr Auto in Rom parken k\u00f6nnen, um das Zentrum zu besuchen. Lassen Sie Ihr Auto sicher stehen. Kein ZTL-Gr\u00fcng\u00fcrtel in der N\u00e4he von METRO A.","og_url":"https:\/\/parkingrome.it\/de\/spot-parken-rom\/","og_site_name":"Parken im Stadtzentrum von Rom | U-Bahn | Stadtzentrum - ParkingRome.IT","article_publisher":"https:\/\/www.facebook.com\/pages\/Parcheggi-Roma-Centro\/367506520088613","article_modified_time":"2026-04-13T14:37:37+00:00","og_image":[{"width":1500,"height":750,"url":"https:\/\/parkingrome.it\/wp-content\/uploads\/2025\/08\/ParkingRome-Spot.jpg","type":"image\/jpeg"}],"twitter_card":"summary_large_image","twitter_site":"@PaekingR","twitter_misc":{"Gesch\u00e4tzte Lesezeit":"14\u00a0Minute"},"schema":{"@context":"https:\/\/schema.org","@graph":[{"@type":"WebPage","@id":"https:\/\/parkingrome.it\/de\/spot-parken-rom\/","url":"https:\/\/parkingrome.it\/de\/spot-parken-rom\/","name":"Wo Sie Ihr Auto in Rom parken k\u00f6nnen, um das Zentrum zu besuchen | Video - Parken im Stadtzentrum von Rom | U-Bahn | Stadtzentrum - ParkingRome.IT","isPartOf":{"@id":"https:\/\/parkingrome.it\/de\/#website"},"primaryImageOfPage":{"@id":"https:\/\/parkingrome.it\/de\/spot-parken-rom\/#primaryimage"},"image":{"@id":"https:\/\/parkingrome.it\/de\/spot-parken-rom\/#primaryimage"},"thumbnailUrl":"https:\/\/parkingrome.it\/wp-content\/uploads\/2025\/08\/ParkingRome-Spot.jpg","datePublished":"2025-08-29T19:16:13+00:00","dateModified":"2026-04-13T14:37:37+00:00","description":"Wo Sie Ihr Auto in Rom parken k\u00f6nnen, um das Zentrum zu besuchen. Lassen Sie Ihr Auto sicher stehen. Kein ZTL-Gr\u00fcng\u00fcrtel in der N\u00e4he von METRO A.","breadcrumb":{"@id":"https:\/\/parkingrome.it\/de\/spot-parken-rom\/#breadcrumb"},"inLanguage":"de","potentialAction":[{"@type":"ReadAction","target":["https:\/\/parkingrome.it\/de\/spot-parken-rom\/"]}]},{"@type":"ImageObject","inLanguage":"de","@id":"https:\/\/parkingrome.it\/de\/spot-parken-rom\/#primaryimage","url":"https:\/\/parkingrome.it\/wp-content\/uploads\/2025\/08\/ParkingRome-Spot.jpg","contentUrl":"https:\/\/parkingrome.it\/wp-content\/uploads\/2025\/08\/ParkingRome-Spot.jpg","width":1500,"height":750,"caption":"ParkplatzRome Spot"},{"@type":"BreadcrumbList","@id":"https:\/\/parkingrome.it\/de\/spot-parken-rom\/#breadcrumb","itemListElement":[{"@type":"ListItem","position":1,"name":"Home","item":"https:\/\/parkingrome.it\/de\/"},{"@type":"ListItem","position":2,"name":"Wo Sie Ihr Auto in Rom parken k\u00f6nnen, um das Zentrum zu besuchen | Video"}]},{"@type":"WebSite","@id":"https:\/\/parkingrome.it\/de\/#website","url":"https:\/\/parkingrome.it\/de\/","name":"Parcheggio Roma Centro | Metro | Centro citt\u00e0 - ParkingRome.IT","description":"Sicherer, \u00fcberdachter und bewachter Parkplatz f\u00fcr Autos, Motorr\u00e4der und Lieferwagen in der N\u00e4he der U-Bahn in Rom.","publisher":{"@id":"https:\/\/parkingrome.it\/de\/#organization"},"potentialAction":[{"@type":"SearchAction","target":{"@type":"EntryPoint","urlTemplate":"https:\/\/parkingrome.it\/de\/?s={search_term_string}"},"query-input":{"@type":"PropertyValueSpecification","valueRequired":true,"valueName":"search_term_string"}}],"inLanguage":"de"},{"@type":"Organization","@id":"https:\/\/parkingrome.it\/de\/#organization","name":"Parking Rome","url":"https:\/\/parkingrome.it\/de\/","logo":{"@type":"ImageObject","inLanguage":"de","@id":"https:\/\/parkingrome.it\/de\/#\/schema\/logo\/image\/","url":"https:\/\/parkingrome.it\/wp-content\/uploads\/2019\/12\/cropped-Parking-Rome-official-partner-min.png","contentUrl":"https:\/\/parkingrome.it\/wp-content\/uploads\/2019\/12\/cropped-Parking-Rome-official-partner-min.png","width":512,"height":512,"caption":"Parking Rome"},"image":{"@id":"https:\/\/parkingrome.it\/de\/#\/schema\/logo\/image\/"},"sameAs":["https:\/\/www.facebook.com\/pages\/Parcheggi-Roma-Centro\/367506520088613","https:\/\/x.com\/PaekingR","https:\/\/www.youtube.com\/c\/ParkingromeIt01"]}]}},"_links":{"self":[{"href":"https:\/\/parkingrome.it\/de\/wp-json\/wp\/v2\/pages\/35812","targetHints":{"allow":["GET"]}}],"collection":[{"href":"https:\/\/parkingrome.it\/de\/wp-json\/wp\/v2\/pages"}],"about":[{"href":"https:\/\/parkingrome.it\/de\/wp-json\/wp\/v2\/types\/page"}],"author":[{"embeddable":true,"href":"https:\/\/parkingrome.it\/de\/wp-json\/wp\/v2\/users\/1"}],"replies":[{"embeddable":true,"href":"https:\/\/parkingrome.it\/de\/wp-json\/wp\/v2\/comments?post=35812"}],"version-history":[{"count":30,"href":"https:\/\/parkingrome.it\/de\/wp-json\/wp\/v2\/pages\/35812\/revisions"}],"predecessor-version":[{"id":43178,"href":"https:\/\/parkingrome.it\/de\/wp-json\/wp\/v2\/pages\/35812\/revisions\/43178"}],"wp:featuredmedia":[{"embeddable":true,"href":"https:\/\/parkingrome.it\/de\/wp-json\/wp\/v2\/media\/35868"}],"wp:attachment":[{"href":"https:\/\/parkingrome.it\/de\/wp-json\/wp\/v2\/media?parent=35812"}],"curies":[{"name":"wp","href":"https:\/\/api.w.org\/{rel}","templated":true}]}}