{"id":22979,"date":"2023-03-23T17:55:49","date_gmt":"2023-03-23T16:55:49","guid":{"rendered":"https:\/\/parkingrome.it\/su-vehiculo-reservar-aparcamiento-en-roma\/"},"modified":"2025-12-02T23:39:59","modified_gmt":"2025-12-02T22:39:59","slug":"su-vehiculo-reservar-aparcamiento-en-roma","status":"publish","type":"page","link":"https:\/\/parkingrome.it\/es\/su-vehiculo-reservar-aparcamiento-en-roma\/","title":{"rendered":"Su veh\u00edculo &#8211; reservar aparcamiento en Roma"},"content":{"rendered":"<p>[vc_row css=\u00bb.vc_custom_1648130804861{margin-top: -50px !important;}\u00bb][vc_column][vc_custom_heading text=\u00bbDIRECTO &#8211; Aparcamiento en Roma cerca del Metro y del centro de la ciudad \u00bb font_container=\u00bbtag:h2|font_size:24|text_align:center|color:%231d600e|line_height:1.5&#8243; use_theme_fonts=\u00bbyes\u00bb css_animation=\u00bbflipInY\u00bb][\/vc_column][\/vc_row][vc_row][vc_column][vc_single_image image=\u00bb17818&#8243; img_size=\u00bbfull\u00bb alignment=\u00bbcenter\u00bb style=\u00bbvc_box_shadow_3d\u00bb css_animation=\u00bbfadeInDown\u00bb][\/vc_column][\/vc_row][vc_row css=\u00bb.vc_custom_1648191675884{margin-top: -50px !important;}\u00bb][vc_column][vc_column_text css=\u00bb\u00bb]<\/p>\n<p style=\"text-align: center;\"><strong>aparcamiento cubierto y vigilado (\u00a110 h!)<\/strong><\/p>\n<p><img decoding=\"async\" class=\"lazyload wp-image-17647 size-full aligncenter\" src=\"data:image\/svg+xml,%3Csvg%20xmlns%3D%27http%3A%2F%2Fwww.w3.org%2F2000%2Fsvg%27%20width%3D%27120%27%20height%3D%27120%27%20viewBox%3D%270%200%20120%20120%27%3E%3Crect%20width%3D%27120%27%20height%3D%27120%27%20fill-opacity%3D%220%22%2F%3E%3C%2Fsvg%3E\" data-orig-src=\"https:\/\/parkingrome.it\/wp-content\/uploads\/2022\/04\/moto-2.png\" alt=\"\" width=\"120\" height=\"120\"><\/p>\n<h4 style=\"text-align: center;\"><strong><img decoding=\"async\" class=\"lazyload alignnone wp-image-19193 size-full\" src=\"data:image\/svg+xml,%3Csvg%20xmlns%3D%27http%3A%2F%2Fwww.w3.org%2F2000%2Fsvg%27%20width%3D%2775%27%20height%3D%2775%27%20viewBox%3D%270%200%2075%2075%27%3E%3Crect%20width%3D%2775%27%20height%3D%2775%27%20fill-opacity%3D%220%22%2F%3E%3C%2Fsvg%3E\" data-orig-src=\"https:\/\/parkingrome.it\/wp-content\/uploads\/2022\/06\/indicazioni-parcheggio-moto-auto-furgone.gif\" alt=\"\" width=\"75\" height=\"75\"><\/strong><\/h4>\n<h4 style=\"text-align: center;\"><strong><img decoding=\"async\" class=\"lazyload alignnone wp-image-17477 size-full\" src=\"data:image\/svg+xml,%3Csvg%20xmlns%3D%27http%3A%2F%2Fwww.w3.org%2F2000%2Fsvg%27%20width%3D%2730%27%20height%3D%2730%27%20viewBox%3D%270%200%2030%2030%27%3E%3Crect%20width%3D%2730%27%20height%3D%2730%27%20fill-opacity%3D%220%22%2F%3E%3C%2Fsvg%3E\" data-orig-src=\"https:\/\/parkingrome.it\/wp-content\/uploads\/2022\/04\/economico.png\" alt=\"\" width=\"30\" height=\"30\"><a href=\"https:\/\/parkingrome.it\/es\/parkcity-96\/\">ECON\u00d3MICO: a partir de 7<\/a><\/strong><\/h4>\n<hr>\n<h4 style=\"text-align: center;\"><strong data-wp-editing=\"1\"><img decoding=\"async\" class=\"lazyload alignnone wp-image-17519 size-full\" src=\"data:image\/svg+xml,%3Csvg%20xmlns%3D%27http%3A%2F%2Fwww.w3.org%2F2000%2Fsvg%27%20width%3D%2730%27%20height%3D%2730%27%20viewBox%3D%270%200%2030%2030%27%3E%3Crect%20width%3D%2730%27%20height%3D%2730%27%20fill-opacity%3D%220%22%2F%3E%3C%2Fsvg%3E\" data-orig-src=\"https:\/\/parkingrome.it\/wp-content\/uploads\/2022\/04\/roma-colosseo.png\" alt=\"\" width=\"30\" height=\"30\"><a href=\"https:\/\/parkingrome.it\/es\/presidente\/\">CENTRALISMO: a partir de 10<\/a><\/strong><\/h4>\n<hr>\n<p style=\"text-align: center;\"><strong>cubierto y vigilado (\u00a110 h!)<\/strong><\/p>\n<div id=\"attachment_28205\" style=\"width: 130px\" class=\"wp-caption aligncenter\"><img decoding=\"async\" aria-describedby=\"caption-attachment-28205\" class=\"lazyload wp-image-28199 size-full\" src=\"data:image\/svg+xml,%3Csvg%20xmlns%3D%27http%3A%2F%2Fwww.w3.org%2F2000%2Fsvg%27%20width%3D%27120%27%20height%3D%27120%27%20viewBox%3D%270%200%20120%20120%27%3E%3Crect%20width%3D%27120%27%20height%3D%27120%27%20fill-opacity%3D%220%22%2F%3E%3C%2Fsvg%3E\" data-orig-src=\"https:\/\/parkingrome.it\/wp-content\/uploads\/2023\/07\/auto-PICCOLA-bis.png\" alt=\"coche peque\u00f1o\" width=\"120\" height=\"120\"><p id=\"caption-attachment-28205\" class=\"wp-caption-text\">coche peque\u00f1o<\/p><\/div>\n<h4 style=\"text-align: center;\"><strong><img decoding=\"async\" class=\"lazyload alignnone wp-image-19193 size-full\" src=\"data:image\/svg+xml,%3Csvg%20xmlns%3D%27http%3A%2F%2Fwww.w3.org%2F2000%2Fsvg%27%20width%3D%2775%27%20height%3D%2775%27%20viewBox%3D%270%200%2075%2075%27%3E%3Crect%20width%3D%2775%27%20height%3D%2775%27%20fill-opacity%3D%220%22%2F%3E%3C%2Fsvg%3E\" data-orig-src=\"https:\/\/parkingrome.it\/wp-content\/uploads\/2022\/06\/indicazioni-parcheggio-moto-auto-furgone.gif\" alt=\"\" width=\"75\" height=\"75\"><\/strong><\/h4>\n<h4 style=\"text-align: center;\"><strong><img decoding=\"async\" class=\"lazyload alignnone wp-image-17477 size-full\" src=\"data:image\/svg+xml,%3Csvg%20xmlns%3D%27http%3A%2F%2Fwww.w3.org%2F2000%2Fsvg%27%20width%3D%2730%27%20height%3D%2730%27%20viewBox%3D%270%200%2030%2030%27%3E%3Crect%20width%3D%2730%27%20height%3D%2730%27%20fill-opacity%3D%220%22%2F%3E%3C%2Fsvg%3E\" data-orig-src=\"https:\/\/parkingrome.it\/wp-content\/uploads\/2022\/04\/economico.png\" alt=\"\" width=\"30\" height=\"30\"><a href=\"https:\/\/parkingrome.it\/es\/parkcity-96\/\">ECON\u00d3MICO: a partir de 13<\/a><\/strong><\/h4>\n<hr>\n<h4 style=\"text-align: center;\"><strong data-wp-editing=\"1\"><img decoding=\"async\" class=\"lazyload alignnone wp-image-17519 size-full\" src=\"data:image\/svg+xml,%3Csvg%20xmlns%3D%27http%3A%2F%2Fwww.w3.org%2F2000%2Fsvg%27%20width%3D%2730%27%20height%3D%2730%27%20viewBox%3D%270%200%2030%2030%27%3E%3Crect%20width%3D%2730%27%20height%3D%2730%27%20fill-opacity%3D%220%22%2F%3E%3C%2Fsvg%3E\" data-orig-src=\"https:\/\/parkingrome.it\/wp-content\/uploads\/2022\/04\/roma-colosseo.png\" alt=\"\" width=\"30\" height=\"30\"><a href=\"https:\/\/parkingrome.it\/es\/presidente\/\">CENTRALISSIMO: desde 18<\/a><\/strong><\/h4>\n<hr>\n<p>&nbsp;<\/p>\n<p style=\"text-align: center;\"><strong>aparcamiento cubierto y vigilado (\u00a110h!)<\/strong><\/p>\n<p style=\"text-align: center;\"><img decoding=\"async\" class=\"lazyload alignnone wp-image-19223 size-full\" src=\"data:image\/svg+xml,%3Csvg%20xmlns%3D%27http%3A%2F%2Fwww.w3.org%2F2000%2Fsvg%27%20width%3D%27120%27%20height%3D%27120%27%20viewBox%3D%270%200%20120%20120%27%3E%3Crect%20width%3D%27120%27%20height%3D%27120%27%20fill-opacity%3D%220%22%2F%3E%3C%2Fsvg%3E\" data-orig-src=\"https:\/\/parkingrome.it\/wp-content\/uploads\/2022\/10\/Minivan.png\" alt=\"\" width=\"120\" height=\"120\"><\/p>\n<h3 style=\"text-align: center;\"><img decoding=\"async\" class=\"lazyload alignnone wp-image-19193 size-full\" src=\"data:image\/svg+xml,%3Csvg%20xmlns%3D%27http%3A%2F%2Fwww.w3.org%2F2000%2Fsvg%27%20width%3D%2775%27%20height%3D%2775%27%20viewBox%3D%270%200%2075%2075%27%3E%3Crect%20width%3D%2775%27%20height%3D%2775%27%20fill-opacity%3D%220%22%2F%3E%3C%2Fsvg%3E\" data-orig-src=\"https:\/\/parkingrome.it\/wp-content\/uploads\/2022\/06\/indicazioni-parcheggio-moto-auto-furgone.gif\" alt=\"\" width=\"75\" height=\"75\"><\/h3>\n<h4 style=\"text-align: center;\"><strong><img decoding=\"async\" class=\"lazyload alignnone wp-image-17477 size-full\" src=\"data:image\/svg+xml,%3Csvg%20xmlns%3D%27http%3A%2F%2Fwww.w3.org%2F2000%2Fsvg%27%20width%3D%2730%27%20height%3D%2730%27%20viewBox%3D%270%200%2030%2030%27%3E%3Crect%20width%3D%2730%27%20height%3D%2730%27%20fill-opacity%3D%220%22%2F%3E%3C%2Fsvg%3E\" data-orig-src=\"https:\/\/parkingrome.it\/wp-content\/uploads\/2022\/04\/economico.png\" alt=\"\" width=\"30\" height=\"30\"><a href=\"https:\/\/parkingrome.it\/es\/parkcity-96\/\">ECON\u00d3MICO: a partir de 20<\/a><\/strong><\/h4>\n<hr>\n<p>[<\/p>\n<p style=\"text-align: center;\"><strong>aparcamiento cubierto y vigilado (\u00a110h!)<\/strong><\/p>\n<p style=\"text-align: center;\"><img decoding=\"async\" class=\"lazyload alignnone wp-image-17625 size-full\" src=\"data:image\/svg+xml,%3Csvg%20xmlns%3D%27http%3A%2F%2Fwww.w3.org%2F2000%2Fsvg%27%20width%3D%27120%27%20height%3D%27120%27%20viewBox%3D%270%200%20120%20120%27%3E%3Crect%20width%3D%27120%27%20height%3D%27120%27%20fill-opacity%3D%220%22%2F%3E%3C%2Fsvg%3E\" data-orig-src=\"https:\/\/parkingrome.it\/wp-content\/uploads\/2022\/04\/furgone-piccolo.png\" alt=\"furgoneta peque\u00f1a\" width=\"120\" height=\"120\"><\/p>\n<h3 style=\"text-align: center;\"><img decoding=\"async\" class=\"lazyload alignnone wp-image-19193 size-full\" src=\"data:image\/svg+xml,%3Csvg%20xmlns%3D%27http%3A%2F%2Fwww.w3.org%2F2000%2Fsvg%27%20width%3D%2775%27%20height%3D%2775%27%20viewBox%3D%270%200%2075%2075%27%3E%3Crect%20width%3D%2775%27%20height%3D%2775%27%20fill-opacity%3D%220%22%2F%3E%3C%2Fsvg%3E\" data-orig-src=\"https:\/\/parkingrome.it\/wp-content\/uploads\/2022\/06\/indicazioni-parcheggio-moto-auto-furgone.gif\" alt=\"\" width=\"75\" height=\"75\"><\/h3>\n<h4 style=\"text-align: center;\"><strong><img decoding=\"async\" class=\"lazyload alignnone wp-image-17477 size-full\" src=\"data:image\/svg+xml,%3Csvg%20xmlns%3D%27http%3A%2F%2Fwww.w3.org%2F2000%2Fsvg%27%20width%3D%2730%27%20height%3D%2730%27%20viewBox%3D%270%200%2030%2030%27%3E%3Crect%20width%3D%2730%27%20height%3D%2730%27%20fill-opacity%3D%220%22%2F%3E%3C%2Fsvg%3E\" data-orig-src=\"https:\/\/parkingrome.it\/wp-content\/uploads\/2022\/04\/economico.png\" alt=\"\" width=\"30\" height=\"30\"><a href=\"https:\/\/parkingrome.it\/es\/parkcity-96\/\">ECON\u00d3MICO: a partir de 20<\/a><\/strong><\/h4>\n<hr>\n<h4 style=\"text-align: center;\"><\/h4>\n<p>[\/vc_column_text][\/vc_column][vc_column][vc_column_text css=\u00bb\u00bb]<\/p>\n<h5>\u00abSoluciones f\u00e1ciles y seguras para aparcar motos, coches y furgonetas en la ciudad de Roma. Desde aparcamientos baratos hasta aparcamientos en el centro de la ciudad, sin riesgo de ztl, plazas cubiertas y vigiladas las 24 horas del d\u00eda.<\/h5>\n<p>[\/vc_column_text][\/vc_column][vc_column][vc_column_text]https:\/\/youtu.be\/QmlUJb2raq0[\/vc_column_text][\/vc_column][\/vc_row][vc_row][vc_column][vc_separator][\/vc_column][\/vc_row]<\/p>\n","protected":false},"excerpt":{"rendered":"<p>[vc_row css=\u00bb.vc_custom_1648130804861{margin-top: -50px !important;}\u00bb][vc_column][vc_custom_heading text=\u00bbDIRECTO &#8211; Aparcamiento en Roma cerca  [&#8230;]<\/p>\n","protected":false},"author":1,"featured_media":31821,"parent":0,"menu_order":0,"comment_status":"closed","ping_status":"closed","template":"","meta":{"footnotes":""},"class_list":["post-22979","page","type-page","status-publish","has-post-thumbnail","hentry"],"yoast_head":"<!-- This site is optimized with the Yoast SEO plugin v27.5 - https:\/\/yoast.com\/product\/yoast-seo-wordpress\/ -->\n<title>Aparcamiento vigilado Roma Centro - Motos, Coches y Furgonetas<\/title>\n<meta name=\"description\" content=\"aparcamiento vigilado en el centro de roma para veh\u00edculos de gasolina, gas\u00f3leo y gas. el\u00e9ctrico con puntos de recarga para motos, coches y furgonetas.\" \/>\n<meta name=\"robots\" content=\"noindex, follow\" \/>\n<meta property=\"og:locale\" content=\"es_ES\" \/>\n<meta property=\"og:type\" content=\"article\" \/>\n<meta property=\"og:title\" content=\"Aparcamiento vigilado Roma Centro - Motos, Coches y Furgonetas\" \/>\n<meta property=\"og:description\" content=\"aparcamiento vigilado en el centro de roma para veh\u00edculos de gasolina, gas\u00f3leo y gas. el\u00e9ctrico con puntos de recarga para motos, coches y furgonetas.\" \/>\n<meta property=\"og:url\" content=\"https:\/\/parkingrome.it\/es\/su-vehiculo-reservar-aparcamiento-en-roma\/\" \/>\n<meta property=\"og:site_name\" content=\"Aparcamiento en el centro de Roma | Metro | Centro - ParkingRome.IT\" \/>\n<meta property=\"article:publisher\" content=\"https:\/\/www.facebook.com\/pages\/Parcheggi-Roma-Centro\/367506520088613\" \/>\n<meta property=\"article:modified_time\" content=\"2025-12-02T22:39:59+00:00\" \/>\n<meta property=\"og:image\" content=\"https:\/\/parkingrome.it\/wp-content\/uploads\/2024\/03\/Aparcamiento-seguro-en-el-centro-de-Roma-1.jpg\" \/>\n\t<meta property=\"og:image:width\" content=\"1200\" \/>\n\t<meta property=\"og:image:height\" content=\"628\" \/>\n\t<meta property=\"og:image:type\" content=\"image\/jpeg\" \/>\n<meta name=\"twitter:card\" content=\"summary_large_image\" \/>\n<meta name=\"twitter:site\" content=\"@PaekingR\" \/>\n<meta name=\"twitter:label1\" content=\"Tiempo de lectura\" \/>\n\t<meta name=\"twitter:data1\" content=\"1 minuto\" \/>\n<script type=\"application\/ld+json\" class=\"yoast-schema-graph\">{\"@context\":\"https:\\\/\\\/schema.org\",\"@graph\":[{\"@type\":\"WebPage\",\"@id\":\"https:\\\/\\\/parkingrome.it\\\/es\\\/su-vehiculo-reservar-aparcamiento-en-roma\\\/\",\"url\":\"https:\\\/\\\/parkingrome.it\\\/es\\\/su-vehiculo-reservar-aparcamiento-en-roma\\\/\",\"name\":\"Aparcamiento vigilado Roma Centro - Motos, Coches y Furgonetas\",\"isPartOf\":{\"@id\":\"https:\\\/\\\/parkingrome.it\\\/es\\\/#website\"},\"primaryImageOfPage\":{\"@id\":\"https:\\\/\\\/parkingrome.it\\\/es\\\/su-vehiculo-reservar-aparcamiento-en-roma\\\/#primaryimage\"},\"image\":{\"@id\":\"https:\\\/\\\/parkingrome.it\\\/es\\\/su-vehiculo-reservar-aparcamiento-en-roma\\\/#primaryimage\"},\"thumbnailUrl\":\"https:\\\/\\\/parkingrome.it\\\/wp-content\\\/uploads\\\/2024\\\/03\\\/Aparcamiento-seguro-en-el-centro-de-Roma-1.jpg\",\"datePublished\":\"2023-03-23T16:55:49+00:00\",\"dateModified\":\"2025-12-02T22:39:59+00:00\",\"description\":\"aparcamiento vigilado en el centro de roma para veh\u00edculos de gasolina, gas\u00f3leo y gas. el\u00e9ctrico con puntos de recarga para motos, coches y furgonetas.\",\"breadcrumb\":{\"@id\":\"https:\\\/\\\/parkingrome.it\\\/es\\\/su-vehiculo-reservar-aparcamiento-en-roma\\\/#breadcrumb\"},\"inLanguage\":\"es\",\"potentialAction\":[{\"@type\":\"ReadAction\",\"target\":[\"https:\\\/\\\/parkingrome.it\\\/es\\\/su-vehiculo-reservar-aparcamiento-en-roma\\\/\"]}]},{\"@type\":\"ImageObject\",\"inLanguage\":\"es\",\"@id\":\"https:\\\/\\\/parkingrome.it\\\/es\\\/su-vehiculo-reservar-aparcamiento-en-roma\\\/#primaryimage\",\"url\":\"https:\\\/\\\/parkingrome.it\\\/wp-content\\\/uploads\\\/2024\\\/03\\\/Aparcamiento-seguro-en-el-centro-de-Roma-1.jpg\",\"contentUrl\":\"https:\\\/\\\/parkingrome.it\\\/wp-content\\\/uploads\\\/2024\\\/03\\\/Aparcamiento-seguro-en-el-centro-de-Roma-1.jpg\",\"width\":1200,\"height\":628,\"caption\":\"Aparcamiento vigilado Roma Centro\"},{\"@type\":\"BreadcrumbList\",\"@id\":\"https:\\\/\\\/parkingrome.it\\\/es\\\/su-vehiculo-reservar-aparcamiento-en-roma\\\/#breadcrumb\",\"itemListElement\":[{\"@type\":\"ListItem\",\"position\":1,\"name\":\"Home\",\"item\":\"https:\\\/\\\/parkingrome.it\\\/es\\\/\"},{\"@type\":\"ListItem\",\"position\":2,\"name\":\"Su veh\u00edculo &#8211; reservar aparcamiento en Roma\"}]},{\"@type\":\"WebSite\",\"@id\":\"https:\\\/\\\/parkingrome.it\\\/es\\\/#website\",\"url\":\"https:\\\/\\\/parkingrome.it\\\/es\\\/\",\"name\":\"Parcheggio Roma Centro | Metro | Centro citt\u00e0 - ParkingRome.IT\",\"description\":\"Aparcamiento seguro, cubierto y vigilado para coches, motos y furgonetas cerca del metro de Roma.\",\"publisher\":{\"@id\":\"https:\\\/\\\/parkingrome.it\\\/es\\\/#organization\"},\"potentialAction\":[{\"@type\":\"SearchAction\",\"target\":{\"@type\":\"EntryPoint\",\"urlTemplate\":\"https:\\\/\\\/parkingrome.it\\\/es\\\/?s={search_term_string}\"},\"query-input\":{\"@type\":\"PropertyValueSpecification\",\"valueRequired\":true,\"valueName\":\"search_term_string\"}}],\"inLanguage\":\"es\"},{\"@type\":\"Organization\",\"@id\":\"https:\\\/\\\/parkingrome.it\\\/es\\\/#organization\",\"name\":\"Parking Rome\",\"url\":\"https:\\\/\\\/parkingrome.it\\\/es\\\/\",\"logo\":{\"@type\":\"ImageObject\",\"inLanguage\":\"es\",\"@id\":\"https:\\\/\\\/parkingrome.it\\\/es\\\/#\\\/schema\\\/logo\\\/image\\\/\",\"url\":\"https:\\\/\\\/parkingrome.it\\\/wp-content\\\/uploads\\\/2019\\\/12\\\/cropped-Parking-Rome-official-partner-min.png\",\"contentUrl\":\"https:\\\/\\\/parkingrome.it\\\/wp-content\\\/uploads\\\/2019\\\/12\\\/cropped-Parking-Rome-official-partner-min.png\",\"width\":512,\"height\":512,\"caption\":\"Parking Rome\"},\"image\":{\"@id\":\"https:\\\/\\\/parkingrome.it\\\/es\\\/#\\\/schema\\\/logo\\\/image\\\/\"},\"sameAs\":[\"https:\\\/\\\/www.facebook.com\\\/pages\\\/Parcheggi-Roma-Centro\\\/367506520088613\",\"https:\\\/\\\/x.com\\\/PaekingR\",\"https:\\\/\\\/www.youtube.com\\\/c\\\/ParkingromeIt01\"]}]}<\/script>\n<!-- \/ Yoast SEO plugin. -->","yoast_head_json":{"title":"Aparcamiento vigilado Roma Centro - Motos, Coches y Furgonetas","description":"aparcamiento vigilado en el centro de roma para veh\u00edculos de gasolina, gas\u00f3leo y gas. el\u00e9ctrico con puntos de recarga para motos, coches y furgonetas.","robots":{"index":"noindex","follow":"follow"},"og_locale":"es_ES","og_type":"article","og_title":"Aparcamiento vigilado Roma Centro - Motos, Coches y Furgonetas","og_description":"aparcamiento vigilado en el centro de roma para veh\u00edculos de gasolina, gas\u00f3leo y gas. el\u00e9ctrico con puntos de recarga para motos, coches y furgonetas.","og_url":"https:\/\/parkingrome.it\/es\/su-vehiculo-reservar-aparcamiento-en-roma\/","og_site_name":"Aparcamiento en el centro de Roma | Metro | Centro - ParkingRome.IT","article_publisher":"https:\/\/www.facebook.com\/pages\/Parcheggi-Roma-Centro\/367506520088613","article_modified_time":"2025-12-02T22:39:59+00:00","og_image":[{"width":1200,"height":628,"url":"https:\/\/parkingrome.it\/wp-content\/uploads\/2024\/03\/Aparcamiento-seguro-en-el-centro-de-Roma-1.jpg","type":"image\/jpeg"}],"twitter_card":"summary_large_image","twitter_site":"@PaekingR","twitter_misc":{"Tiempo de lectura":"1 minuto"},"schema":{"@context":"https:\/\/schema.org","@graph":[{"@type":"WebPage","@id":"https:\/\/parkingrome.it\/es\/su-vehiculo-reservar-aparcamiento-en-roma\/","url":"https:\/\/parkingrome.it\/es\/su-vehiculo-reservar-aparcamiento-en-roma\/","name":"Aparcamiento vigilado Roma Centro - Motos, Coches y Furgonetas","isPartOf":{"@id":"https:\/\/parkingrome.it\/es\/#website"},"primaryImageOfPage":{"@id":"https:\/\/parkingrome.it\/es\/su-vehiculo-reservar-aparcamiento-en-roma\/#primaryimage"},"image":{"@id":"https:\/\/parkingrome.it\/es\/su-vehiculo-reservar-aparcamiento-en-roma\/#primaryimage"},"thumbnailUrl":"https:\/\/parkingrome.it\/wp-content\/uploads\/2024\/03\/Aparcamiento-seguro-en-el-centro-de-Roma-1.jpg","datePublished":"2023-03-23T16:55:49+00:00","dateModified":"2025-12-02T22:39:59+00:00","description":"aparcamiento vigilado en el centro de roma para veh\u00edculos de gasolina, gas\u00f3leo y gas. el\u00e9ctrico con puntos de recarga para motos, coches y furgonetas.","breadcrumb":{"@id":"https:\/\/parkingrome.it\/es\/su-vehiculo-reservar-aparcamiento-en-roma\/#breadcrumb"},"inLanguage":"es","potentialAction":[{"@type":"ReadAction","target":["https:\/\/parkingrome.it\/es\/su-vehiculo-reservar-aparcamiento-en-roma\/"]}]},{"@type":"ImageObject","inLanguage":"es","@id":"https:\/\/parkingrome.it\/es\/su-vehiculo-reservar-aparcamiento-en-roma\/#primaryimage","url":"https:\/\/parkingrome.it\/wp-content\/uploads\/2024\/03\/Aparcamiento-seguro-en-el-centro-de-Roma-1.jpg","contentUrl":"https:\/\/parkingrome.it\/wp-content\/uploads\/2024\/03\/Aparcamiento-seguro-en-el-centro-de-Roma-1.jpg","width":1200,"height":628,"caption":"Aparcamiento vigilado Roma Centro"},{"@type":"BreadcrumbList","@id":"https:\/\/parkingrome.it\/es\/su-vehiculo-reservar-aparcamiento-en-roma\/#breadcrumb","itemListElement":[{"@type":"ListItem","position":1,"name":"Home","item":"https:\/\/parkingrome.it\/es\/"},{"@type":"ListItem","position":2,"name":"Su veh\u00edculo &#8211; reservar aparcamiento en Roma"}]},{"@type":"WebSite","@id":"https:\/\/parkingrome.it\/es\/#website","url":"https:\/\/parkingrome.it\/es\/","name":"Parcheggio Roma Centro | Metro | Centro citt\u00e0 - ParkingRome.IT","description":"Aparcamiento seguro, cubierto y vigilado para coches, motos y furgonetas cerca del metro de Roma.","publisher":{"@id":"https:\/\/parkingrome.it\/es\/#organization"},"potentialAction":[{"@type":"SearchAction","target":{"@type":"EntryPoint","urlTemplate":"https:\/\/parkingrome.it\/es\/?s={search_term_string}"},"query-input":{"@type":"PropertyValueSpecification","valueRequired":true,"valueName":"search_term_string"}}],"inLanguage":"es"},{"@type":"Organization","@id":"https:\/\/parkingrome.it\/es\/#organization","name":"Parking Rome","url":"https:\/\/parkingrome.it\/es\/","logo":{"@type":"ImageObject","inLanguage":"es","@id":"https:\/\/parkingrome.it\/es\/#\/schema\/logo\/image\/","url":"https:\/\/parkingrome.it\/wp-content\/uploads\/2019\/12\/cropped-Parking-Rome-official-partner-min.png","contentUrl":"https:\/\/parkingrome.it\/wp-content\/uploads\/2019\/12\/cropped-Parking-Rome-official-partner-min.png","width":512,"height":512,"caption":"Parking Rome"},"image":{"@id":"https:\/\/parkingrome.it\/es\/#\/schema\/logo\/image\/"},"sameAs":["https:\/\/www.facebook.com\/pages\/Parcheggi-Roma-Centro\/367506520088613","https:\/\/x.com\/PaekingR","https:\/\/www.youtube.com\/c\/ParkingromeIt01"]}]}},"_links":{"self":[{"href":"https:\/\/parkingrome.it\/es\/wp-json\/wp\/v2\/pages\/22979","targetHints":{"allow":["GET"]}}],"collection":[{"href":"https:\/\/parkingrome.it\/es\/wp-json\/wp\/v2\/pages"}],"about":[{"href":"https:\/\/parkingrome.it\/es\/wp-json\/wp\/v2\/types\/page"}],"author":[{"embeddable":true,"href":"https:\/\/parkingrome.it\/es\/wp-json\/wp\/v2\/users\/1"}],"replies":[{"embeddable":true,"href":"https:\/\/parkingrome.it\/es\/wp-json\/wp\/v2\/comments?post=22979"}],"version-history":[{"count":4,"href":"https:\/\/parkingrome.it\/es\/wp-json\/wp\/v2\/pages\/22979\/revisions"}],"predecessor-version":[{"id":40508,"href":"https:\/\/parkingrome.it\/es\/wp-json\/wp\/v2\/pages\/22979\/revisions\/40508"}],"wp:featuredmedia":[{"embeddable":true,"href":"https:\/\/parkingrome.it\/es\/wp-json\/wp\/v2\/media\/31821"}],"wp:attachment":[{"href":"https:\/\/parkingrome.it\/es\/wp-json\/wp\/v2\/media?parent=22979"}],"curies":[{"name":"wp","href":"https:\/\/api.w.org\/{rel}","templated":true}]}}