{"id":22971,"date":"2023-03-23T17:55:49","date_gmt":"2023-03-23T16:55:49","guid":{"rendered":"https:\/\/parkingrome.it\/o-seu-veiculo-estacionamento-de-livros-em-roma\/"},"modified":"2025-12-02T23:39:49","modified_gmt":"2025-12-02T22:39:49","slug":"o-seu-veiculo-estacionamento-de-livros-em-roma","status":"publish","type":"page","link":"https:\/\/parkingrome.it\/pt-pt\/o-seu-veiculo-estacionamento-de-livros-em-roma\/","title":{"rendered":"O seu ve\u00edculo &#8211; estacionamento de livros em Roma"},"content":{"rendered":"<p>[vc_row css=&#8221;.vc_custom_1648130804861{margin-top: -50px !important;}&#8221;][vc_column][vc_custom_heading text=&#8221;DIRECTO ! &#8211; Estacionamento em Roma perto do Metro e do centro da cidade &#8221; font_container=&#8221;tag:h2|font_size:24|text_align:center|color:%231d600e|line_height:1.5&#8243; use_theme_fonts=&#8221;yes&#8221; css_animation=&#8221;flipInY&#8221;][\/vc_column][\/vc_row][vc_row][vc_column][vc_single_image image=&#8221;17816&#8243; img_size=&#8221;full&#8221; alignment=&#8221;center&#8221; style=&#8221;vc_box_shadow_3d&#8221; css_animation=&#8221;fadeInDown&#8221;][\/vc_column][\/vc_row][vc_row css=&#8221;.vc_custom_1648191675884{margin-top: -50px !important;}&#8221;][vc_column][vc_column_text css=&#8221;&#8221;]<\/p>\n<p style=\"text-align: center;\"><strong>estacionamento coberto e vigiado (10 h!)<\/strong><\/p>\n<p><img decoding=\"async\" class=\"lazyload wp-image-17647 size-full aligncenter\" src=\"data:image\/svg+xml,%3Csvg%20xmlns%3D%27http%3A%2F%2Fwww.w3.org%2F2000%2Fsvg%27%20width%3D%27120%27%20height%3D%27120%27%20viewBox%3D%270%200%20120%20120%27%3E%3Crect%20width%3D%27120%27%20height%3D%27120%27%20fill-opacity%3D%220%22%2F%3E%3C%2Fsvg%3E\" data-orig-src=\"https:\/\/parkingrome.it\/wp-content\/uploads\/2022\/04\/moto-2.png\" alt=\"\" width=\"120\" height=\"120\"><\/p>\n<h4 style=\"text-align: center;\"><strong><img decoding=\"async\" class=\"lazyload alignnone wp-image-19193 size-full\" src=\"data:image\/svg+xml,%3Csvg%20xmlns%3D%27http%3A%2F%2Fwww.w3.org%2F2000%2Fsvg%27%20width%3D%2775%27%20height%3D%2775%27%20viewBox%3D%270%200%2075%2075%27%3E%3Crect%20width%3D%2775%27%20height%3D%2775%27%20fill-opacity%3D%220%22%2F%3E%3C%2Fsvg%3E\" data-orig-src=\"https:\/\/parkingrome.it\/wp-content\/uploads\/2022\/06\/indicazioni-parcheggio-moto-auto-furgone.gif\" alt=\"\" width=\"75\" height=\"75\"><\/strong><\/h4>\n<h4 style=\"text-align: center;\"><strong><img decoding=\"async\" class=\"lazyload alignnone wp-image-17477 size-full\" src=\"data:image\/svg+xml,%3Csvg%20xmlns%3D%27http%3A%2F%2Fwww.w3.org%2F2000%2Fsvg%27%20width%3D%2730%27%20height%3D%2730%27%20viewBox%3D%270%200%2030%2030%27%3E%3Crect%20width%3D%2730%27%20height%3D%2730%27%20fill-opacity%3D%220%22%2F%3E%3C%2Fsvg%3E\" data-orig-src=\"https:\/\/parkingrome.it\/wp-content\/uploads\/2022\/04\/economico.png\" alt=\"\" width=\"30\" height=\"30\"><a href=\"https:\/\/parkingrome.it\/pt-pt\/parkcity-96\/\">ECON\u00d3MICO: a partir de 7 euros<\/a><\/strong><\/h4>\n<hr>\n<h4 style=\"text-align: center;\"><strong data-wp-editing=\"1\"><img decoding=\"async\" class=\"lazyload alignnone wp-image-17519 size-full\" src=\"data:image\/svg+xml,%3Csvg%20xmlns%3D%27http%3A%2F%2Fwww.w3.org%2F2000%2Fsvg%27%20width%3D%2730%27%20height%3D%2730%27%20viewBox%3D%270%200%2030%2030%27%3E%3Crect%20width%3D%2730%27%20height%3D%2730%27%20fill-opacity%3D%220%22%2F%3E%3C%2Fsvg%3E\" data-orig-src=\"https:\/\/parkingrome.it\/wp-content\/uploads\/2022\/04\/roma-colosseo.png\" alt=\"\" width=\"30\" height=\"30\"><a href=\"https:\/\/parkingrome.it\/pt-pt\/presidente\/\">MUITO CENTRAL: a partir de 10 euros<\/a><\/strong><\/h4>\n<hr>\n<p style=\"text-align: center;\"><strong>coberto e vigiado (10 h!)<\/strong><\/p>\n<div id=\"attachment_28203\" style=\"width: 130px\" class=\"wp-caption aligncenter\"><img decoding=\"async\" aria-describedby=\"caption-attachment-28203\" class=\"lazyload wp-image-28199 size-full\" src=\"data:image\/svg+xml,%3Csvg%20xmlns%3D%27http%3A%2F%2Fwww.w3.org%2F2000%2Fsvg%27%20width%3D%27120%27%20height%3D%27120%27%20viewBox%3D%270%200%20120%20120%27%3E%3Crect%20width%3D%27120%27%20height%3D%27120%27%20fill-opacity%3D%220%22%2F%3E%3C%2Fsvg%3E\" data-orig-src=\"https:\/\/parkingrome.it\/wp-content\/uploads\/2023\/07\/auto-PICCOLA-bis.png\" alt=\"carro pequeno\" width=\"120\" height=\"120\"><p id=\"caption-attachment-28203\" class=\"wp-caption-text\">carro pequeno<\/p><\/div>\n<h4 style=\"text-align: center;\"><strong><img decoding=\"async\" class=\"lazyload alignnone wp-image-19193 size-full\" src=\"data:image\/svg+xml,%3Csvg%20xmlns%3D%27http%3A%2F%2Fwww.w3.org%2F2000%2Fsvg%27%20width%3D%2775%27%20height%3D%2775%27%20viewBox%3D%270%200%2075%2075%27%3E%3Crect%20width%3D%2775%27%20height%3D%2775%27%20fill-opacity%3D%220%22%2F%3E%3C%2Fsvg%3E\" data-orig-src=\"https:\/\/parkingrome.it\/wp-content\/uploads\/2022\/06\/indicazioni-parcheggio-moto-auto-furgone.gif\" alt=\"\" width=\"75\" height=\"75\"><\/strong><\/h4>\n<h4 style=\"text-align: center;\"><strong><img decoding=\"async\" class=\"lazyload alignnone wp-image-17477 size-full\" src=\"data:image\/svg+xml,%3Csvg%20xmlns%3D%27http%3A%2F%2Fwww.w3.org%2F2000%2Fsvg%27%20width%3D%2730%27%20height%3D%2730%27%20viewBox%3D%270%200%2030%2030%27%3E%3Crect%20width%3D%2730%27%20height%3D%2730%27%20fill-opacity%3D%220%22%2F%3E%3C%2Fsvg%3E\" data-orig-src=\"https:\/\/parkingrome.it\/wp-content\/uploads\/2022\/04\/economico.png\" alt=\"\" width=\"30\" height=\"30\"><a href=\"https:\/\/parkingrome.it\/pt-pt\/parkcity-96\/\">ECON\u00d3MICO: a partir de 13 euros<\/a><\/strong><\/h4>\n<hr>\n<h4 style=\"text-align: center;\"><strong data-wp-editing=\"1\"><img decoding=\"async\" class=\"lazyload alignnone wp-image-17519 size-full\" src=\"data:image\/svg+xml,%3Csvg%20xmlns%3D%27http%3A%2F%2Fwww.w3.org%2F2000%2Fsvg%27%20width%3D%2730%27%20height%3D%2730%27%20viewBox%3D%270%200%2030%2030%27%3E%3Crect%20width%3D%2730%27%20height%3D%2730%27%20fill-opacity%3D%220%22%2F%3E%3C%2Fsvg%3E\" data-orig-src=\"https:\/\/parkingrome.it\/wp-content\/uploads\/2022\/04\/roma-colosseo.png\" alt=\"\" width=\"30\" height=\"30\"><a href=\"https:\/\/parkingrome.it\/pt-pt\/presidente\/\">MUITO CENTRAL: a partir de 18 euros<\/a><\/strong><\/h4>\n<hr>\n<p>&nbsp;<\/p>\n<p style=\"text-align: center;\"><strong>estacionamento coberto e vigiado (10h!)<\/strong><\/p>\n<p style=\"text-align: center;\"><img decoding=\"async\" class=\"lazyload alignnone wp-image-19223 size-full\" src=\"data:image\/svg+xml,%3Csvg%20xmlns%3D%27http%3A%2F%2Fwww.w3.org%2F2000%2Fsvg%27%20width%3D%27120%27%20height%3D%27120%27%20viewBox%3D%270%200%20120%20120%27%3E%3Crect%20width%3D%27120%27%20height%3D%27120%27%20fill-opacity%3D%220%22%2F%3E%3C%2Fsvg%3E\" data-orig-src=\"https:\/\/parkingrome.it\/wp-content\/uploads\/2022\/10\/Minivan.png\" alt=\"\" width=\"120\" height=\"120\"><\/p>\n<h3 style=\"text-align: center;\"><img decoding=\"async\" class=\"lazyload alignnone wp-image-19193 size-full\" src=\"data:image\/svg+xml,%3Csvg%20xmlns%3D%27http%3A%2F%2Fwww.w3.org%2F2000%2Fsvg%27%20width%3D%2775%27%20height%3D%2775%27%20viewBox%3D%270%200%2075%2075%27%3E%3Crect%20width%3D%2775%27%20height%3D%2775%27%20fill-opacity%3D%220%22%2F%3E%3C%2Fsvg%3E\" data-orig-src=\"https:\/\/parkingrome.it\/wp-content\/uploads\/2022\/06\/indicazioni-parcheggio-moto-auto-furgone.gif\" alt=\"\" width=\"75\" height=\"75\"><\/h3>\n<h4 style=\"text-align: center;\"><strong><img decoding=\"async\" class=\"lazyload alignnone wp-image-17477 size-full\" src=\"data:image\/svg+xml,%3Csvg%20xmlns%3D%27http%3A%2F%2Fwww.w3.org%2F2000%2Fsvg%27%20width%3D%2730%27%20height%3D%2730%27%20viewBox%3D%270%200%2030%2030%27%3E%3Crect%20width%3D%2730%27%20height%3D%2730%27%20fill-opacity%3D%220%22%2F%3E%3C%2Fsvg%3E\" data-orig-src=\"https:\/\/parkingrome.it\/wp-content\/uploads\/2022\/04\/economico.png\" alt=\"\" width=\"30\" height=\"30\"><a href=\"https:\/\/parkingrome.it\/pt-pt\/parkcity-96\/\">ECON\u00d3MICO: a partir de 20 euros<\/a><\/strong><\/h4>\n<hr>\n<p>[<\/p>\n<p style=\"text-align: center;\"><strong>estacionamento coberto e vigiado (10h!)<\/strong><\/p>\n<p style=\"text-align: center;\"><img decoding=\"async\" class=\"lazyload alignnone wp-image-17625 size-full\" src=\"data:image\/svg+xml,%3Csvg%20xmlns%3D%27http%3A%2F%2Fwww.w3.org%2F2000%2Fsvg%27%20width%3D%27120%27%20height%3D%27120%27%20viewBox%3D%270%200%20120%20120%27%3E%3Crect%20width%3D%27120%27%20height%3D%27120%27%20fill-opacity%3D%220%22%2F%3E%3C%2Fsvg%3E\" data-orig-src=\"https:\/\/parkingrome.it\/wp-content\/uploads\/2022\/04\/furgone-piccolo.png\" alt=\"furgone piccolo\" width=\"120\" height=\"120\"><\/p>\n<h3 style=\"text-align: center;\"><img decoding=\"async\" class=\"lazyload alignnone wp-image-19193 size-full\" src=\"data:image\/svg+xml,%3Csvg%20xmlns%3D%27http%3A%2F%2Fwww.w3.org%2F2000%2Fsvg%27%20width%3D%2775%27%20height%3D%2775%27%20viewBox%3D%270%200%2075%2075%27%3E%3Crect%20width%3D%2775%27%20height%3D%2775%27%20fill-opacity%3D%220%22%2F%3E%3C%2Fsvg%3E\" data-orig-src=\"https:\/\/parkingrome.it\/wp-content\/uploads\/2022\/06\/indicazioni-parcheggio-moto-auto-furgone.gif\" alt=\"\" width=\"75\" height=\"75\"><\/h3>\n<h4 style=\"text-align: center;\"><strong><img decoding=\"async\" class=\"lazyload alignnone wp-image-17477 size-full\" src=\"data:image\/svg+xml,%3Csvg%20xmlns%3D%27http%3A%2F%2Fwww.w3.org%2F2000%2Fsvg%27%20width%3D%2730%27%20height%3D%2730%27%20viewBox%3D%270%200%2030%2030%27%3E%3Crect%20width%3D%2730%27%20height%3D%2730%27%20fill-opacity%3D%220%22%2F%3E%3C%2Fsvg%3E\" data-orig-src=\"https:\/\/parkingrome.it\/wp-content\/uploads\/2022\/04\/economico.png\" alt=\"\" width=\"30\" height=\"30\"><a href=\"https:\/\/parkingrome.it\/pt-pt\/parkcity-96\/\">ECON\u00d3MICO: a partir de 20 euros<\/a><\/strong><\/h4>\n<hr>\n<h4 style=\"text-align: center;\"><\/h4>\n<p>[\/vc_column_text][\/vc_column][vc_column][vc_column_text css=&#8221;&#8221;]<\/p>\n<h5>&#8220;Solu\u00e7\u00f5es f\u00e1ceis e seguras para estacionar motos, carros e carrinhas na cidade de Roma. Do estacionamento barato ao estacionamento no centro da cidade, sem risco de ztl, lugares de estacionamento cobertos e vigiados 24 horas por dia.<\/h5>\n<p>[\/vc_column_text][\/vc_column][vc_column][vc_column_text]https:\/\/youtu.be\/BtL1ECPKiy4[\/vc_column_text][\/vc_column][\/vc_row][vc_row][vc_column][vc_separator][\/vc_column][\/vc_row]<\/p>\n","protected":false},"excerpt":{"rendered":"<p>[vc_row css=&#8221;.vc_custom_1648130804861{margin-top: -50px !important;}&#8221;][vc_column][vc_custom_heading text=&#8221;DIRECTO ! &#8211; Estacionamento em Roma  [&#8230;]<\/p>\n","protected":false},"author":1,"featured_media":31819,"parent":0,"menu_order":0,"comment_status":"closed","ping_status":"closed","template":"","meta":{"footnotes":""},"class_list":["post-22971","page","type-page","status-publish","has-post-thumbnail","hentry"],"yoast_head":"<!-- This site is optimized with the Yoast SEO plugin v27.5 - https:\/\/yoast.com\/product\/yoast-seo-wordpress\/ -->\n<title>Estacionamento vigiado Roma Centro - Motas, carros e carrinhas<\/title>\n<meta name=\"description\" content=\"parque de estacionamento vigiado do centro de Roma para ve\u00edculos a gasolina, gas\u00f3leo e g\u00e1s. el\u00e9trico com locais de carregamento para motas, carros e carrinhas.\" \/>\n<meta name=\"robots\" content=\"noindex, follow\" \/>\n<meta property=\"og:locale\" content=\"pt_PT\" \/>\n<meta property=\"og:type\" content=\"article\" \/>\n<meta property=\"og:title\" content=\"Estacionamento vigiado Roma Centro - Motas, carros e carrinhas\" \/>\n<meta property=\"og:description\" content=\"parque de estacionamento vigiado do centro de Roma para ve\u00edculos a gasolina, gas\u00f3leo e g\u00e1s. el\u00e9trico com locais de carregamento para motas, carros e carrinhas.\" \/>\n<meta property=\"og:url\" content=\"https:\/\/parkingrome.it\/pt-pt\/o-seu-veiculo-estacionamento-de-livros-em-roma\/\" \/>\n<meta property=\"og:site_name\" content=\"Estacionamento no centro de Roma | Metro | Centro da cidade - ParkingRome.IT\" \/>\n<meta property=\"article:publisher\" content=\"https:\/\/www.facebook.com\/pages\/Parcheggi-Roma-Centro\/367506520088613\" \/>\n<meta property=\"article:modified_time\" content=\"2025-12-02T22:39:49+00:00\" \/>\n<meta property=\"og:image\" content=\"https:\/\/parkingrome.it\/wp-content\/uploads\/2024\/03\/estacionamento-seguro-no-centro-de-Roma.jpg\" \/>\n\t<meta property=\"og:image:width\" content=\"1200\" \/>\n\t<meta property=\"og:image:height\" content=\"628\" \/>\n\t<meta property=\"og:image:type\" content=\"image\/jpeg\" \/>\n<meta name=\"twitter:card\" content=\"summary_large_image\" \/>\n<meta name=\"twitter:site\" content=\"@PaekingR\" \/>\n<meta name=\"twitter:label1\" content=\"Tempo estimado de leitura\" \/>\n\t<meta name=\"twitter:data1\" content=\"1 minuto\" \/>\n<script type=\"application\/ld+json\" class=\"yoast-schema-graph\">{\"@context\":\"https:\\\/\\\/schema.org\",\"@graph\":[{\"@type\":\"WebPage\",\"@id\":\"https:\\\/\\\/parkingrome.it\\\/pt-pt\\\/o-seu-veiculo-estacionamento-de-livros-em-roma\\\/\",\"url\":\"https:\\\/\\\/parkingrome.it\\\/pt-pt\\\/o-seu-veiculo-estacionamento-de-livros-em-roma\\\/\",\"name\":\"Estacionamento vigiado Roma Centro - Motas, carros e carrinhas\",\"isPartOf\":{\"@id\":\"https:\\\/\\\/parkingrome.it\\\/pt-pt\\\/#website\"},\"primaryImageOfPage\":{\"@id\":\"https:\\\/\\\/parkingrome.it\\\/pt-pt\\\/o-seu-veiculo-estacionamento-de-livros-em-roma\\\/#primaryimage\"},\"image\":{\"@id\":\"https:\\\/\\\/parkingrome.it\\\/pt-pt\\\/o-seu-veiculo-estacionamento-de-livros-em-roma\\\/#primaryimage\"},\"thumbnailUrl\":\"https:\\\/\\\/parkingrome.it\\\/wp-content\\\/uploads\\\/2024\\\/03\\\/estacionamento-seguro-no-centro-de-Roma.jpg\",\"datePublished\":\"2023-03-23T16:55:49+00:00\",\"dateModified\":\"2025-12-02T22:39:49+00:00\",\"description\":\"parque de estacionamento vigiado do centro de Roma para ve\u00edculos a gasolina, gas\u00f3leo e g\u00e1s. el\u00e9trico com locais de carregamento para motas, carros e carrinhas.\",\"breadcrumb\":{\"@id\":\"https:\\\/\\\/parkingrome.it\\\/pt-pt\\\/o-seu-veiculo-estacionamento-de-livros-em-roma\\\/#breadcrumb\"},\"inLanguage\":\"pt-PT\",\"potentialAction\":[{\"@type\":\"ReadAction\",\"target\":[\"https:\\\/\\\/parkingrome.it\\\/pt-pt\\\/o-seu-veiculo-estacionamento-de-livros-em-roma\\\/\"]}]},{\"@type\":\"ImageObject\",\"inLanguage\":\"pt-PT\",\"@id\":\"https:\\\/\\\/parkingrome.it\\\/pt-pt\\\/o-seu-veiculo-estacionamento-de-livros-em-roma\\\/#primaryimage\",\"url\":\"https:\\\/\\\/parkingrome.it\\\/wp-content\\\/uploads\\\/2024\\\/03\\\/estacionamento-seguro-no-centro-de-Roma.jpg\",\"contentUrl\":\"https:\\\/\\\/parkingrome.it\\\/wp-content\\\/uploads\\\/2024\\\/03\\\/estacionamento-seguro-no-centro-de-Roma.jpg\",\"width\":1200,\"height\":628,\"caption\":\"Estacionamento seguro Roma Centro\"},{\"@type\":\"BreadcrumbList\",\"@id\":\"https:\\\/\\\/parkingrome.it\\\/pt-pt\\\/o-seu-veiculo-estacionamento-de-livros-em-roma\\\/#breadcrumb\",\"itemListElement\":[{\"@type\":\"ListItem\",\"position\":1,\"name\":\"Home\",\"item\":\"https:\\\/\\\/parkingrome.it\\\/pt-pt\\\/\"},{\"@type\":\"ListItem\",\"position\":2,\"name\":\"O seu ve\u00edculo &#8211; estacionamento de livros em Roma\"}]},{\"@type\":\"WebSite\",\"@id\":\"https:\\\/\\\/parkingrome.it\\\/pt-pt\\\/#website\",\"url\":\"https:\\\/\\\/parkingrome.it\\\/pt-pt\\\/\",\"name\":\"Parcheggio Roma Centro | Metro | Centro citt\u00e0 - ParkingRome.IT\",\"description\":\"Estacionamento seguro, coberto e vigiado para carros, motos e carrinhas perto do metro em Roma.\",\"publisher\":{\"@id\":\"https:\\\/\\\/parkingrome.it\\\/pt-pt\\\/#organization\"},\"potentialAction\":[{\"@type\":\"SearchAction\",\"target\":{\"@type\":\"EntryPoint\",\"urlTemplate\":\"https:\\\/\\\/parkingrome.it\\\/pt-pt\\\/?s={search_term_string}\"},\"query-input\":{\"@type\":\"PropertyValueSpecification\",\"valueRequired\":true,\"valueName\":\"search_term_string\"}}],\"inLanguage\":\"pt-PT\"},{\"@type\":\"Organization\",\"@id\":\"https:\\\/\\\/parkingrome.it\\\/pt-pt\\\/#organization\",\"name\":\"Parking Rome\",\"url\":\"https:\\\/\\\/parkingrome.it\\\/pt-pt\\\/\",\"logo\":{\"@type\":\"ImageObject\",\"inLanguage\":\"pt-PT\",\"@id\":\"https:\\\/\\\/parkingrome.it\\\/pt-pt\\\/#\\\/schema\\\/logo\\\/image\\\/\",\"url\":\"https:\\\/\\\/parkingrome.it\\\/wp-content\\\/uploads\\\/2019\\\/12\\\/cropped-Parking-Rome-official-partner-min.png\",\"contentUrl\":\"https:\\\/\\\/parkingrome.it\\\/wp-content\\\/uploads\\\/2019\\\/12\\\/cropped-Parking-Rome-official-partner-min.png\",\"width\":512,\"height\":512,\"caption\":\"Parking Rome\"},\"image\":{\"@id\":\"https:\\\/\\\/parkingrome.it\\\/pt-pt\\\/#\\\/schema\\\/logo\\\/image\\\/\"},\"sameAs\":[\"https:\\\/\\\/www.facebook.com\\\/pages\\\/Parcheggi-Roma-Centro\\\/367506520088613\",\"https:\\\/\\\/x.com\\\/PaekingR\",\"https:\\\/\\\/www.youtube.com\\\/c\\\/ParkingromeIt01\"]}]}<\/script>\n<!-- \/ Yoast SEO plugin. -->","yoast_head_json":{"title":"Estacionamento vigiado Roma Centro - Motas, carros e carrinhas","description":"parque de estacionamento vigiado do centro de Roma para ve\u00edculos a gasolina, gas\u00f3leo e g\u00e1s. el\u00e9trico com locais de carregamento para motas, carros e carrinhas.","robots":{"index":"noindex","follow":"follow"},"og_locale":"pt_PT","og_type":"article","og_title":"Estacionamento vigiado Roma Centro - Motas, carros e carrinhas","og_description":"parque de estacionamento vigiado do centro de Roma para ve\u00edculos a gasolina, gas\u00f3leo e g\u00e1s. el\u00e9trico com locais de carregamento para motas, carros e carrinhas.","og_url":"https:\/\/parkingrome.it\/pt-pt\/o-seu-veiculo-estacionamento-de-livros-em-roma\/","og_site_name":"Estacionamento no centro de Roma | Metro | Centro da cidade - ParkingRome.IT","article_publisher":"https:\/\/www.facebook.com\/pages\/Parcheggi-Roma-Centro\/367506520088613","article_modified_time":"2025-12-02T22:39:49+00:00","og_image":[{"width":1200,"height":628,"url":"https:\/\/parkingrome.it\/wp-content\/uploads\/2024\/03\/estacionamento-seguro-no-centro-de-Roma.jpg","type":"image\/jpeg"}],"twitter_card":"summary_large_image","twitter_site":"@PaekingR","twitter_misc":{"Tempo estimado de leitura":"1 minuto"},"schema":{"@context":"https:\/\/schema.org","@graph":[{"@type":"WebPage","@id":"https:\/\/parkingrome.it\/pt-pt\/o-seu-veiculo-estacionamento-de-livros-em-roma\/","url":"https:\/\/parkingrome.it\/pt-pt\/o-seu-veiculo-estacionamento-de-livros-em-roma\/","name":"Estacionamento vigiado Roma Centro - Motas, carros e carrinhas","isPartOf":{"@id":"https:\/\/parkingrome.it\/pt-pt\/#website"},"primaryImageOfPage":{"@id":"https:\/\/parkingrome.it\/pt-pt\/o-seu-veiculo-estacionamento-de-livros-em-roma\/#primaryimage"},"image":{"@id":"https:\/\/parkingrome.it\/pt-pt\/o-seu-veiculo-estacionamento-de-livros-em-roma\/#primaryimage"},"thumbnailUrl":"https:\/\/parkingrome.it\/wp-content\/uploads\/2024\/03\/estacionamento-seguro-no-centro-de-Roma.jpg","datePublished":"2023-03-23T16:55:49+00:00","dateModified":"2025-12-02T22:39:49+00:00","description":"parque de estacionamento vigiado do centro de Roma para ve\u00edculos a gasolina, gas\u00f3leo e g\u00e1s. el\u00e9trico com locais de carregamento para motas, carros e carrinhas.","breadcrumb":{"@id":"https:\/\/parkingrome.it\/pt-pt\/o-seu-veiculo-estacionamento-de-livros-em-roma\/#breadcrumb"},"inLanguage":"pt-PT","potentialAction":[{"@type":"ReadAction","target":["https:\/\/parkingrome.it\/pt-pt\/o-seu-veiculo-estacionamento-de-livros-em-roma\/"]}]},{"@type":"ImageObject","inLanguage":"pt-PT","@id":"https:\/\/parkingrome.it\/pt-pt\/o-seu-veiculo-estacionamento-de-livros-em-roma\/#primaryimage","url":"https:\/\/parkingrome.it\/wp-content\/uploads\/2024\/03\/estacionamento-seguro-no-centro-de-Roma.jpg","contentUrl":"https:\/\/parkingrome.it\/wp-content\/uploads\/2024\/03\/estacionamento-seguro-no-centro-de-Roma.jpg","width":1200,"height":628,"caption":"Estacionamento seguro Roma Centro"},{"@type":"BreadcrumbList","@id":"https:\/\/parkingrome.it\/pt-pt\/o-seu-veiculo-estacionamento-de-livros-em-roma\/#breadcrumb","itemListElement":[{"@type":"ListItem","position":1,"name":"Home","item":"https:\/\/parkingrome.it\/pt-pt\/"},{"@type":"ListItem","position":2,"name":"O seu ve\u00edculo &#8211; estacionamento de livros em Roma"}]},{"@type":"WebSite","@id":"https:\/\/parkingrome.it\/pt-pt\/#website","url":"https:\/\/parkingrome.it\/pt-pt\/","name":"Parcheggio Roma Centro | Metro | Centro citt\u00e0 - ParkingRome.IT","description":"Estacionamento seguro, coberto e vigiado para carros, motos e carrinhas perto do metro em Roma.","publisher":{"@id":"https:\/\/parkingrome.it\/pt-pt\/#organization"},"potentialAction":[{"@type":"SearchAction","target":{"@type":"EntryPoint","urlTemplate":"https:\/\/parkingrome.it\/pt-pt\/?s={search_term_string}"},"query-input":{"@type":"PropertyValueSpecification","valueRequired":true,"valueName":"search_term_string"}}],"inLanguage":"pt-PT"},{"@type":"Organization","@id":"https:\/\/parkingrome.it\/pt-pt\/#organization","name":"Parking Rome","url":"https:\/\/parkingrome.it\/pt-pt\/","logo":{"@type":"ImageObject","inLanguage":"pt-PT","@id":"https:\/\/parkingrome.it\/pt-pt\/#\/schema\/logo\/image\/","url":"https:\/\/parkingrome.it\/wp-content\/uploads\/2019\/12\/cropped-Parking-Rome-official-partner-min.png","contentUrl":"https:\/\/parkingrome.it\/wp-content\/uploads\/2019\/12\/cropped-Parking-Rome-official-partner-min.png","width":512,"height":512,"caption":"Parking Rome"},"image":{"@id":"https:\/\/parkingrome.it\/pt-pt\/#\/schema\/logo\/image\/"},"sameAs":["https:\/\/www.facebook.com\/pages\/Parcheggi-Roma-Centro\/367506520088613","https:\/\/x.com\/PaekingR","https:\/\/www.youtube.com\/c\/ParkingromeIt01"]}]}},"_links":{"self":[{"href":"https:\/\/parkingrome.it\/pt-pt\/wp-json\/wp\/v2\/pages\/22971","targetHints":{"allow":["GET"]}}],"collection":[{"href":"https:\/\/parkingrome.it\/pt-pt\/wp-json\/wp\/v2\/pages"}],"about":[{"href":"https:\/\/parkingrome.it\/pt-pt\/wp-json\/wp\/v2\/types\/page"}],"author":[{"embeddable":true,"href":"https:\/\/parkingrome.it\/pt-pt\/wp-json\/wp\/v2\/users\/1"}],"replies":[{"embeddable":true,"href":"https:\/\/parkingrome.it\/pt-pt\/wp-json\/wp\/v2\/comments?post=22971"}],"version-history":[{"count":4,"href":"https:\/\/parkingrome.it\/pt-pt\/wp-json\/wp\/v2\/pages\/22971\/revisions"}],"predecessor-version":[{"id":40500,"href":"https:\/\/parkingrome.it\/pt-pt\/wp-json\/wp\/v2\/pages\/22971\/revisions\/40500"}],"wp:featuredmedia":[{"embeddable":true,"href":"https:\/\/parkingrome.it\/pt-pt\/wp-json\/wp\/v2\/media\/31819"}],"wp:attachment":[{"href":"https:\/\/parkingrome.it\/pt-pt\/wp-json\/wp\/v2\/media?parent=22971"}],"curies":[{"name":"wp","href":"https:\/\/api.w.org\/{rel}","templated":true}]}}